{"id":780,"date":"2021-08-23T14:46:03","date_gmt":"2021-08-23T12:46:03","guid":{"rendered":"https:\/\/www.vaarzeker.nl\/?page_id=780"},"modified":"2022-07-06T16:14:48","modified_gmt":"2022-07-06T14:14:48","slug":"bootsschlepp","status":"publish","type":"page","link":"https:\/\/www.vaarzeker.nl\/de\/bootsschlepp\/","title":{"rendered":"Abschleppen von Booten"},"content":{"rendered":"<p>Ihr<strong> Bootsschlepp<\/strong> In einen sicheren Hafen, weil Sie eine Panne auf dem Wasser haben? Kein Problem! Vaarzeker kommt sofort zur Hilfe und bietet Pannenhilfe auf dem Wasser. Kontaktieren Sie uns schnell, denn Ihre Sicherheit ist unsere Priorit\u00e4t.<\/p>\n<h2>Warum Vaarzeker zum Schleppen Ihres Bootes?<\/h2>\n<p>Die Mitarbeiter von Vaarzeker verf\u00fcgen \u00fcber die besten technischen Kenntnisse, um Ihr Boot abzuschleppen. In einigen F\u00e4llen ist es sogar m\u00f6glich, Reparaturen vor Ort auszuf\u00fchren. M\u00f6chten Sie Ihr Boot trotzdem in Ihren eigenen Hafen schleppen lassen? Das ist kein Problem.<\/p>\n<h2>Schleppen von Booten: direkter Kontakt<\/h2>\n<p>Sind Sie w\u00e4hrend eines sch\u00f6nen Tages auf dem Wasser auf Probleme gesto\u00dfen und das Boot muss abgeschleppt werden? Dann wenden Sie sich bitte an Vaarzeker! Wir bieten sofortige pehh Hilfe auf dem Wasser. Kontaktieren Sie uns schnell!<\/p>","protected":false},"excerpt":{"rendered":"<p>Uw boot slepen naar een veilige haven, omdat u pech op het water geeft? Geen probleem! Vaarzeker schiet direct te hulp en biedt pechhulp op het water. Neem snel contact met ons op, want uw veiligheid is onze prioriteit. Waarom Vaarzeker voor het wegslepen van uw boot? De mensen van Vaarzeker hebben de beste technische &hellip; <a href=\"https:\/\/www.vaarzeker.nl\/de\/bootsschlepp\/\" class=\"more-link\">Lesen Sie weiter <span class=\"screen-reader-text\">Abschleppen von Booten<\/span> <span class=\"meta-nav\">\u2192<\/span><\/a><\/p>","protected":false},"author":20,"featured_media":818,"parent":0,"menu_order":0,"comment_status":"closed","ping_status":"closed","template":"sub-content.php","meta":{"_acf_changed":false,"content-type":"","_monsterinsights_skip_tracking":false,"_monsterinsights_sitenote_active":false,"_monsterinsights_sitenote_note":"","_monsterinsights_sitenote_category":0,"footnotes":""},"class_list":["post-780","page","type-page","status-publish","has-post-thumbnail","hentry"],"acf":[],"yoast_head":"<!-- This site is optimized with the Yoast SEO plugin v27.5 - https:\/\/yoast.com\/product\/yoast-seo-wordpress\/ -->\n<title>Boot slepen of bergen? Bel ons nu direct! | Vaarzeker<\/title>\n<meta name=\"description\" content=\"Uw boot slepen, omdat u pech heeft op het water? Vaarzeker biedt de beste pechhulp op het water aan! Neem snel contact met ons op.\" \/>\n<meta name=\"robots\" content=\"index, follow, max-snippet:-1, max-image-preview:large, max-video-preview:-1\" \/>\n<link rel=\"canonical\" href=\"https:\/\/www.vaarzeker.nl\/de\/bootsschlepp\/\" \/>\n<meta property=\"og:locale\" content=\"de_DE\" \/>\n<meta property=\"og:type\" content=\"article\" \/>\n<meta property=\"og:title\" content=\"Boot slepen of bergen? Bel ons nu direct! | Vaarzeker\" \/>\n<meta property=\"og:description\" content=\"Uw boot slepen, omdat u pech heeft op het water? Vaarzeker biedt de beste pechhulp op het water aan! Neem snel contact met ons op.\" \/>\n<meta property=\"og:url\" content=\"https:\/\/www.vaarzeker.nl\/de\/bootsschlepp\/\" \/>\n<meta property=\"og:site_name\" content=\"Vaarzeker\" \/>\n<meta property=\"article:modified_time\" content=\"2022-07-06T14:14:48+00:00\" \/>\n<meta property=\"og:image\" content=\"https:\/\/www.vaarzeker.nl\/wp-content\/uploads\/2021\/09\/boot_slepen.jpg\" \/>\n\t<meta property=\"og:image:width\" content=\"1000\" \/>\n\t<meta property=\"og:image:height\" content=\"666\" \/>\n\t<meta property=\"og:image:type\" content=\"image\/jpeg\" \/>\n<meta name=\"twitter:card\" content=\"summary_large_image\" \/>\n<meta name=\"twitter:label1\" content=\"Gesch\u00e4tzte Lesezeit\" \/>\n\t<meta name=\"twitter:data1\" content=\"1\u00a0Minute\" \/>\n<script type=\"application\/ld+json\" class=\"yoast-schema-graph\">{\"@context\":\"https:\\\/\\\/schema.org\",\"@graph\":[{\"@type\":\"WebPage\",\"@id\":\"https:\\\/\\\/www.vaarzeker.nl\\\/boot-slepen\\\/\",\"url\":\"https:\\\/\\\/www.vaarzeker.nl\\\/boot-slepen\\\/\",\"name\":\"Boot slepen of bergen? Bel ons nu direct! | Vaarzeker\",\"isPartOf\":{\"@id\":\"https:\\\/\\\/newforum.mod.audio\\\/en\\\/#website\"},\"primaryImageOfPage\":{\"@id\":\"https:\\\/\\\/www.vaarzeker.nl\\\/boot-slepen\\\/#primaryimage\"},\"image\":{\"@id\":\"https:\\\/\\\/www.vaarzeker.nl\\\/boot-slepen\\\/#primaryimage\"},\"thumbnailUrl\":\"https:\\\/\\\/www.vaarzeker.nl\\\/wp-content\\\/uploads\\\/2021\\\/09\\\/boot_slepen.jpg\",\"datePublished\":\"2021-08-23T12:46:03+00:00\",\"dateModified\":\"2022-07-06T14:14:48+00:00\",\"description\":\"Uw boot slepen, omdat u pech heeft op het water? Vaarzeker biedt de beste pechhulp op het water aan! Neem snel contact met ons op.\",\"breadcrumb\":{\"@id\":\"https:\\\/\\\/www.vaarzeker.nl\\\/boot-slepen\\\/#breadcrumb\"},\"inLanguage\":\"de\",\"potentialAction\":[{\"@type\":\"ReadAction\",\"target\":[\"https:\\\/\\\/www.vaarzeker.nl\\\/boot-slepen\\\/\"]}]},{\"@type\":\"ImageObject\",\"inLanguage\":\"de\",\"@id\":\"https:\\\/\\\/www.vaarzeker.nl\\\/boot-slepen\\\/#primaryimage\",\"url\":\"https:\\\/\\\/www.vaarzeker.nl\\\/wp-content\\\/uploads\\\/2021\\\/09\\\/boot_slepen.jpg\",\"contentUrl\":\"https:\\\/\\\/www.vaarzeker.nl\\\/wp-content\\\/uploads\\\/2021\\\/09\\\/boot_slepen.jpg\",\"width\":1000,\"height\":666,\"caption\":\"boot slepen\"},{\"@type\":\"BreadcrumbList\",\"@id\":\"https:\\\/\\\/www.vaarzeker.nl\\\/boot-slepen\\\/#breadcrumb\",\"itemListElement\":[{\"@type\":\"ListItem\",\"position\":1,\"name\":\"Home\",\"item\":\"https:\\\/\\\/www.vaarzeker.nl\\\/\"},{\"@type\":\"ListItem\",\"position\":2,\"name\":\"Boot slepen\"}]},{\"@type\":\"WebSite\",\"@id\":\"https:\\\/\\\/newforum.mod.audio\\\/en\\\/#website\",\"url\":\"https:\\\/\\\/newforum.mod.audio\\\/en\\\/\",\"name\":\"Vaarzeker\",\"description\":\"Hulpverlening &amp; pechhulp\",\"publisher\":{\"@id\":\"https:\\\/\\\/newforum.mod.audio\\\/en\\\/#organization\"},\"potentialAction\":[{\"@type\":\"SearchAction\",\"target\":{\"@type\":\"EntryPoint\",\"urlTemplate\":\"https:\\\/\\\/newforum.mod.audio\\\/en\\\/?s={search_term_string}\"},\"query-input\":{\"@type\":\"PropertyValueSpecification\",\"valueRequired\":true,\"valueName\":\"search_term_string\"}}],\"inLanguage\":\"de\"},{\"@type\":\"Organization\",\"@id\":\"https:\\\/\\\/newforum.mod.audio\\\/en\\\/#organization\",\"name\":\"Vaarzeker\",\"url\":\"https:\\\/\\\/newforum.mod.audio\\\/en\\\/\",\"logo\":{\"@type\":\"ImageObject\",\"inLanguage\":\"de\",\"@id\":\"https:\\\/\\\/newforum.mod.audio\\\/en\\\/#\\\/schema\\\/logo\\\/image\\\/\",\"url\":\"https:\\\/\\\/www.vaarzeker.nl\\\/wp-content\\\/uploads\\\/2021\\\/05\\\/vaarzeker_fb.jpg\",\"contentUrl\":\"https:\\\/\\\/www.vaarzeker.nl\\\/wp-content\\\/uploads\\\/2021\\\/05\\\/vaarzeker_fb.jpg\",\"width\":988,\"height\":600,\"caption\":\"Vaarzeker\"},\"image\":{\"@id\":\"https:\\\/\\\/newforum.mod.audio\\\/en\\\/#\\\/schema\\\/logo\\\/image\\\/\"}}]}<\/script>\n<!-- \/ Yoast SEO plugin. -->","yoast_head_json":{"title":"Boot abschleppen oder bergen? Rufen Sie uns jetzt an! | Sicheres Bootfahren","description":"Sie schleppen Ihr Boot ab, weil Sie eine Panne auf dem Wasser haben? Vaarzeker bietet die beste Pannenhilfe auf dem Wasser! Kontaktieren Sie uns bald.","robots":{"index":"index","follow":"follow","max-snippet":"max-snippet:-1","max-image-preview":"max-image-preview:large","max-video-preview":"max-video-preview:-1"},"canonical":"https:\/\/www.vaarzeker.nl\/de\/bootsschlepp\/","og_locale":"de_DE","og_type":"article","og_title":"Boot slepen of bergen? Bel ons nu direct! | Vaarzeker","og_description":"Uw boot slepen, omdat u pech heeft op het water? Vaarzeker biedt de beste pechhulp op het water aan! Neem snel contact met ons op.","og_url":"https:\/\/www.vaarzeker.nl\/de\/bootsschlepp\/","og_site_name":"Vaarzeker","article_modified_time":"2022-07-06T14:14:48+00:00","og_image":[{"width":1000,"height":666,"url":"https:\/\/www.vaarzeker.nl\/wp-content\/uploads\/2021\/09\/boot_slepen.jpg","type":"image\/jpeg"}],"twitter_card":"summary_large_image","twitter_misc":{"Gesch\u00e4tzte Lesezeit":"1\u00a0Minute"},"schema":{"@context":"https:\/\/schema.org","@graph":[{"@type":"WebPage","@id":"https:\/\/www.vaarzeker.nl\/boot-slepen\/","url":"https:\/\/www.vaarzeker.nl\/boot-slepen\/","name":"Boot abschleppen oder bergen? Rufen Sie uns jetzt an! | Sicheres Bootfahren","isPartOf":{"@id":"https:\/\/newforum.mod.audio\/en\/#website"},"primaryImageOfPage":{"@id":"https:\/\/www.vaarzeker.nl\/boot-slepen\/#primaryimage"},"image":{"@id":"https:\/\/www.vaarzeker.nl\/boot-slepen\/#primaryimage"},"thumbnailUrl":"https:\/\/www.vaarzeker.nl\/wp-content\/uploads\/2021\/09\/boot_slepen.jpg","datePublished":"2021-08-23T12:46:03+00:00","dateModified":"2022-07-06T14:14:48+00:00","description":"Sie schleppen Ihr Boot ab, weil Sie eine Panne auf dem Wasser haben? Vaarzeker bietet die beste Pannenhilfe auf dem Wasser! Kontaktieren Sie uns bald.","breadcrumb":{"@id":"https:\/\/www.vaarzeker.nl\/boot-slepen\/#breadcrumb"},"inLanguage":"de","potentialAction":[{"@type":"ReadAction","target":["https:\/\/www.vaarzeker.nl\/boot-slepen\/"]}]},{"@type":"ImageObject","inLanguage":"de","@id":"https:\/\/www.vaarzeker.nl\/boot-slepen\/#primaryimage","url":"https:\/\/www.vaarzeker.nl\/wp-content\/uploads\/2021\/09\/boot_slepen.jpg","contentUrl":"https:\/\/www.vaarzeker.nl\/wp-content\/uploads\/2021\/09\/boot_slepen.jpg","width":1000,"height":666,"caption":"boot slepen"},{"@type":"BreadcrumbList","@id":"https:\/\/www.vaarzeker.nl\/boot-slepen\/#breadcrumb","itemListElement":[{"@type":"ListItem","position":1,"name":"Home","item":"https:\/\/www.vaarzeker.nl\/"},{"@type":"ListItem","position":2,"name":"Boot slepen"}]},{"@type":"WebSite","@id":"https:\/\/newforum.mod.audio\/en\/#website","url":"https:\/\/newforum.mod.audio\/en\/","name":"Sicher zu segeln","description":"Hilfeleistung und Pannenhilfe","publisher":{"@id":"https:\/\/newforum.mod.audio\/en\/#organization"},"potentialAction":[{"@type":"SearchAction","target":{"@type":"EntryPoint","urlTemplate":"https:\/\/newforum.mod.audio\/en\/?s={search_term_string}"},"query-input":{"@type":"PropertyValueSpecification","valueRequired":true,"valueName":"search_term_string"}}],"inLanguage":"de"},{"@type":"Organization","@id":"https:\/\/newforum.mod.audio\/en\/#organization","name":"Sicher zu segeln","url":"https:\/\/newforum.mod.audio\/en\/","logo":{"@type":"ImageObject","inLanguage":"de","@id":"https:\/\/newforum.mod.audio\/en\/#\/schema\/logo\/image\/","url":"https:\/\/www.vaarzeker.nl\/wp-content\/uploads\/2021\/05\/vaarzeker_fb.jpg","contentUrl":"https:\/\/www.vaarzeker.nl\/wp-content\/uploads\/2021\/05\/vaarzeker_fb.jpg","width":988,"height":600,"caption":"Vaarzeker"},"image":{"@id":"https:\/\/newforum.mod.audio\/en\/#\/schema\/logo\/image\/"}}]}},"_links":{"self":[{"href":"https:\/\/www.vaarzeker.nl\/de\/wp-json\/wp\/v2\/pages\/780","targetHints":{"allow":["GET"]}}],"collection":[{"href":"https:\/\/www.vaarzeker.nl\/de\/wp-json\/wp\/v2\/pages"}],"about":[{"href":"https:\/\/www.vaarzeker.nl\/de\/wp-json\/wp\/v2\/types\/page"}],"author":[{"embeddable":true,"href":"https:\/\/www.vaarzeker.nl\/de\/wp-json\/wp\/v2\/users\/20"}],"replies":[{"embeddable":true,"href":"https:\/\/www.vaarzeker.nl\/de\/wp-json\/wp\/v2\/comments?post=780"}],"version-history":[{"count":0,"href":"https:\/\/www.vaarzeker.nl\/de\/wp-json\/wp\/v2\/pages\/780\/revisions"}],"wp:featuredmedia":[{"embeddable":true,"href":"https:\/\/www.vaarzeker.nl\/de\/wp-json\/wp\/v2\/media\/818"}],"wp:attachment":[{"href":"https:\/\/www.vaarzeker.nl\/de\/wp-json\/wp\/v2\/media?parent=780"}],"curies":[{"name":"wp","href":"https:\/\/api.w.org\/{rel}","templated":true}]}}