{"id":735,"date":"2021-07-19T09:43:03","date_gmt":"2021-07-19T07:43:03","guid":{"rendered":"https:\/\/www.vaarzeker.nl\/?page_id=735"},"modified":"2024-02-21T10:00:39","modified_gmt":"2024-02-21T09:00:39","slug":"bootshilfe-ijsselmeer","status":"publish","type":"page","link":"https:\/\/www.vaarzeker.nl\/de\/bootshilfe-ijsselmeer\/","title":{"rendered":"Bootshilfe IJsselmeer"},"content":{"rendered":"<p><strong>Bootshilfe<\/strong> \u00fcber die <strong>IJsselmeer<\/strong> ben\u00f6tigt? Dann suchen Sie sofort professionelle Hilfe und rufen Sie Vaarzeker an! Wir bieten Hilfe auf dem IJsselmeer unter <a href=\"https:\/\/www.vaarzeker.nl\/de\/schiffspanne\/\">Schiffspanne<\/a>. Als einziger Anbieter in den Niederlanden k\u00f6nnen wir Ihnen auf ALLEN Gew\u00e4ssern helfen und auch Ihren Motor reparieren. Eine Adresse f\u00fcr alle Dienstleistungen, die Sie ben\u00f6tigen.<\/p>\n<h2>Was kann auf dem IJsselmeer passieren?<\/h2>\n<p>An einem Tag auf dem IJsselmeer kann viel passieren. Schlie\u00dflich ist ein Unfall gleich um die Ecke. Denken Sie zum Beispiel an einen <a href=\"https:\/\/www.vaarzeker.nl\/de\/seil-in-schraube\/\">Seil im Propeller<\/a> die sich festsetzt. Das macht es unm\u00f6glich, weiterzufahren. Es ist auch zu gef\u00e4hrlich, zu versuchen, dieses Problem selbst zu l\u00f6sen. Au\u00dferdem kann das Boot auch eine technische St\u00f6rung haben. Wenden Sie sich daher im Falle einer Panne auf dem Wasser immer sofort an Vaarzeker!<\/p>\n<p><img decoding=\"async\" class=\"alignnone wp-image-1653\" src=\"https:\/\/www.vaarzeker.nl\/wp-content\/uploads\/2022\/07\/boothulp_ijsselmeer-300x185.webp\" alt=\"Bootshilfe IJsselmeer\" width=\"388\" height=\"239\" srcset=\"https:\/\/www.vaarzeker.nl\/wp-content\/uploads\/2022\/07\/boothulp_ijsselmeer-300x185.webp 300w, https:\/\/www.vaarzeker.nl\/wp-content\/uploads\/2022\/07\/boothulp_ijsselmeer-600x370.webp 600w, https:\/\/www.vaarzeker.nl\/wp-content\/uploads\/2022\/07\/boothulp_ijsselmeer.webp 640w\" sizes=\"(max-width: 388px) 100vw, 388px\" \/><\/p>\n<h2>Warum Bootshilfe auf dem IJsselmeer mit Vaarzeker?<\/h2>\n<p>Wenn Sie eine Bootshilfe auf dem IJsselmeer ben\u00f6tigen, w\u00e4hlen Sie Vaarzeker. Denn mit uns profitieren Sie von einzigartigen Vorteilen, wie zum Beispiel:<\/p>\n<ul>\n<li>Hilfe im offenen Wasser und an Land<\/li>\n<li>Deckung auf Binnenwasserstra\u00dfen und gro\u00dfen Seen<\/li>\n<li>Unterst\u00fctzung f\u00fcr einen festen Betrag pro Monat m\u00f6glich<\/li>\n<\/ul>\n<h2>Kontakt aufnehmen<\/h2>\n<p>Brauchen Sie Hilfe auf dem IJsselmeer? Die <a href=\"https:\/\/www.vaarzeker.nl\/de\/bootswache\/\">Bootswache<\/a> von Vaarzeker ist bereit f\u00fcr Bootsfahrer, die unerwartete Pannen auf dem Wasser haben. Wenn Sie sofortige Hilfe ben\u00f6tigen, rufen Sie uns bitte an: <a href=\"tel:085 3038253\">085 3038253<\/a>. Liegt Ihr Boot am Steg und die Bootshilfe ist weniger dringend? Dann k\u00f6nnen Sie uns auch eine E-Mail schicken: <a href=\"mailto:info@vaarzeker.nl\">info@vaarzeker.nl<\/a>. Vaarzeker hilft Ihnen gerne!<\/p>","protected":false},"excerpt":{"rendered":"<p>Brauchen Sie Hilfe f\u00fcr Ihr Boot auf dem IJsselmeer? Dann suchen Sie sofort professionelle Hilfe und rufen Sie Vaarzeker an! Wir bieten Hilfe auf dem IJsselmeer bei Bootsproblemen. Als einziger Anbieter in den Niederlanden k\u00f6nnen wir Ihnen auf allen Gew\u00e4ssern helfen und auch Ihren Motor reparieren. Eine Adresse f\u00fcr alle Dienstleistungen, die Sie ben\u00f6tigen. Was kann passieren auf ... <a href=\"https:\/\/www.vaarzeker.nl\/de\/bootshilfe-ijsselmeer\/\" class=\"more-link\">Lesen Sie weiter <span class=\"screen-reader-text\">Bootshilfe IJsselmeer<\/span> <span class=\"meta-nav\">\u2192<\/span><\/a><\/p>","protected":false},"author":20,"featured_media":813,"parent":0,"menu_order":0,"comment_status":"closed","ping_status":"closed","template":"sub-content.php","meta":{"_acf_changed":false,"content-type":"","_monsterinsights_skip_tracking":false,"_monsterinsights_sitenote_active":false,"_monsterinsights_sitenote_note":"","_monsterinsights_sitenote_category":0,"footnotes":""},"class_list":["post-735","page","type-page","status-publish","has-post-thumbnail","hentry"],"acf":[],"yoast_head":"<!-- This site is optimized with the Yoast SEO plugin v27.6 - https:\/\/yoast.com\/product\/yoast-seo-wordpress\/ -->\n<title>Boothulp IJsselmeer: bel ons nu direct! | Vaarzeker.nl<\/title>\n<meta name=\"description\" content=\"Boothulp op het IJsselmeer nodig? Bel dan nu direct met Vaarzeker! Wij bieden pechhulp op iedere locatie op het water aan. Neem contact op.\" \/>\n<meta name=\"robots\" content=\"index, follow, max-snippet:-1, max-image-preview:large, max-video-preview:-1\" \/>\n<link rel=\"canonical\" href=\"https:\/\/www.vaarzeker.nl\/de\/bootshilfe-ijsselmeer\/\" \/>\n<meta property=\"og:locale\" content=\"de_DE\" \/>\n<meta property=\"og:type\" content=\"article\" \/>\n<meta property=\"og:title\" content=\"Boothulp IJsselmeer: bel ons nu direct! | Vaarzeker.nl\" \/>\n<meta property=\"og:description\" content=\"Boothulp op het IJsselmeer nodig? Bel dan nu direct met Vaarzeker! Wij bieden pechhulp op iedere locatie op het water aan. Neem contact op.\" \/>\n<meta property=\"og:url\" content=\"https:\/\/www.vaarzeker.nl\/de\/bootshilfe-ijsselmeer\/\" \/>\n<meta property=\"og:site_name\" content=\"Vaarzeker\" \/>\n<meta property=\"article:modified_time\" content=\"2024-02-21T09:00:39+00:00\" \/>\n<meta property=\"og:image\" content=\"https:\/\/www.vaarzeker.nl\/wp-content\/uploads\/2021\/09\/boothulp_ijsselmeer.jpg\" \/>\n\t<meta property=\"og:image:width\" content=\"1000\" \/>\n\t<meta property=\"og:image:height\" content=\"750\" \/>\n\t<meta property=\"og:image:type\" content=\"image\/jpeg\" \/>\n<meta name=\"twitter:card\" content=\"summary_large_image\" \/>\n<meta name=\"twitter:label1\" content=\"Gesch\u00e4tzte Lesezeit\" \/>\n\t<meta name=\"twitter:data1\" content=\"2\u00a0Minuten\" \/>\n<script type=\"application\/ld+json\" class=\"yoast-schema-graph\">{\"@context\":\"https:\\\/\\\/schema.org\",\"@graph\":[{\"@type\":\"WebPage\",\"@id\":\"https:\\\/\\\/www.vaarzeker.nl\\\/boothulp-ijsselmeer\\\/\",\"url\":\"https:\\\/\\\/www.vaarzeker.nl\\\/boothulp-ijsselmeer\\\/\",\"name\":\"Boothulp IJsselmeer: bel ons nu direct! | Vaarzeker.nl\",\"isPartOf\":{\"@id\":\"https:\\\/\\\/newforum.mod.audio\\\/en\\\/#website\"},\"primaryImageOfPage\":{\"@id\":\"https:\\\/\\\/www.vaarzeker.nl\\\/boothulp-ijsselmeer\\\/#primaryimage\"},\"image\":{\"@id\":\"https:\\\/\\\/www.vaarzeker.nl\\\/boothulp-ijsselmeer\\\/#primaryimage\"},\"thumbnailUrl\":\"https:\\\/\\\/www.vaarzeker.nl\\\/wp-content\\\/uploads\\\/2021\\\/09\\\/boothulp_ijsselmeer.jpg\",\"datePublished\":\"2021-07-19T07:43:03+00:00\",\"dateModified\":\"2024-02-21T09:00:39+00:00\",\"description\":\"Boothulp op het IJsselmeer nodig? Bel dan nu direct met Vaarzeker! Wij bieden pechhulp op iedere locatie op het water aan. Neem contact op.\",\"breadcrumb\":{\"@id\":\"https:\\\/\\\/www.vaarzeker.nl\\\/boothulp-ijsselmeer\\\/#breadcrumb\"},\"inLanguage\":\"de\",\"potentialAction\":[{\"@type\":\"ReadAction\",\"target\":[\"https:\\\/\\\/www.vaarzeker.nl\\\/boothulp-ijsselmeer\\\/\"]}]},{\"@type\":\"ImageObject\",\"inLanguage\":\"de\",\"@id\":\"https:\\\/\\\/www.vaarzeker.nl\\\/boothulp-ijsselmeer\\\/#primaryimage\",\"url\":\"https:\\\/\\\/www.vaarzeker.nl\\\/wp-content\\\/uploads\\\/2021\\\/09\\\/boothulp_ijsselmeer.jpg\",\"contentUrl\":\"https:\\\/\\\/www.vaarzeker.nl\\\/wp-content\\\/uploads\\\/2021\\\/09\\\/boothulp_ijsselmeer.jpg\",\"width\":1000,\"height\":750,\"caption\":\"boothulp ijsselmeer\"},{\"@type\":\"BreadcrumbList\",\"@id\":\"https:\\\/\\\/www.vaarzeker.nl\\\/boothulp-ijsselmeer\\\/#breadcrumb\",\"itemListElement\":[{\"@type\":\"ListItem\",\"position\":1,\"name\":\"Home\",\"item\":\"https:\\\/\\\/www.vaarzeker.nl\\\/\"},{\"@type\":\"ListItem\",\"position\":2,\"name\":\"Boothulp IJsselmeer\"}]},{\"@type\":\"WebSite\",\"@id\":\"https:\\\/\\\/newforum.mod.audio\\\/en\\\/#website\",\"url\":\"https:\\\/\\\/newforum.mod.audio\\\/en\\\/\",\"name\":\"Vaarzeker\",\"description\":\"Hulpverlening &amp; pechhulp\",\"publisher\":{\"@id\":\"https:\\\/\\\/newforum.mod.audio\\\/en\\\/#organization\"},\"potentialAction\":[{\"@type\":\"SearchAction\",\"target\":{\"@type\":\"EntryPoint\",\"urlTemplate\":\"https:\\\/\\\/newforum.mod.audio\\\/en\\\/?s={search_term_string}\"},\"query-input\":{\"@type\":\"PropertyValueSpecification\",\"valueRequired\":true,\"valueName\":\"search_term_string\"}}],\"inLanguage\":\"de\"},{\"@type\":\"Organization\",\"@id\":\"https:\\\/\\\/newforum.mod.audio\\\/en\\\/#organization\",\"name\":\"Vaarzeker\",\"url\":\"https:\\\/\\\/newforum.mod.audio\\\/en\\\/\",\"logo\":{\"@type\":\"ImageObject\",\"inLanguage\":\"de\",\"@id\":\"https:\\\/\\\/newforum.mod.audio\\\/en\\\/#\\\/schema\\\/logo\\\/image\\\/\",\"url\":\"https:\\\/\\\/www.vaarzeker.nl\\\/wp-content\\\/uploads\\\/2021\\\/05\\\/vaarzeker_fb.jpg\",\"contentUrl\":\"https:\\\/\\\/www.vaarzeker.nl\\\/wp-content\\\/uploads\\\/2021\\\/05\\\/vaarzeker_fb.jpg\",\"width\":988,\"height\":600,\"caption\":\"Vaarzeker\"},\"image\":{\"@id\":\"https:\\\/\\\/newforum.mod.audio\\\/en\\\/#\\\/schema\\\/logo\\\/image\\\/\"}}]}<\/script>\n<!-- \/ Yoast SEO plugin. -->","yoast_head_json":{"title":"Bootshilfe IJsselmeer: Rufen Sie uns jetzt an! | Vaarzeker.nl","description":"Ben\u00f6tigen Sie Bootshilfe auf dem IJsselmeer? Dann rufen Sie jetzt Vaarzeker an! Wir bieten Pannenhilfe an jedem Ort auf dem Wasser. Nehmen Sie Kontakt auf.","robots":{"index":"index","follow":"follow","max-snippet":"max-snippet:-1","max-image-preview":"max-image-preview:large","max-video-preview":"max-video-preview:-1"},"canonical":"https:\/\/www.vaarzeker.nl\/de\/bootshilfe-ijsselmeer\/","og_locale":"de_DE","og_type":"article","og_title":"Boothulp IJsselmeer: bel ons nu direct! | Vaarzeker.nl","og_description":"Boothulp op het IJsselmeer nodig? Bel dan nu direct met Vaarzeker! Wij bieden pechhulp op iedere locatie op het water aan. Neem contact op.","og_url":"https:\/\/www.vaarzeker.nl\/de\/bootshilfe-ijsselmeer\/","og_site_name":"Vaarzeker","article_modified_time":"2024-02-21T09:00:39+00:00","og_image":[{"width":1000,"height":750,"url":"https:\/\/www.vaarzeker.nl\/wp-content\/uploads\/2021\/09\/boothulp_ijsselmeer.jpg","type":"image\/jpeg"}],"twitter_card":"summary_large_image","twitter_misc":{"Gesch\u00e4tzte Lesezeit":"2\u00a0Minuten"},"schema":{"@context":"https:\/\/schema.org","@graph":[{"@type":"WebPage","@id":"https:\/\/www.vaarzeker.nl\/boothulp-ijsselmeer\/","url":"https:\/\/www.vaarzeker.nl\/boothulp-ijsselmeer\/","name":"Bootshilfe IJsselmeer: Rufen Sie uns jetzt an! | Vaarzeker.nl","isPartOf":{"@id":"https:\/\/newforum.mod.audio\/en\/#website"},"primaryImageOfPage":{"@id":"https:\/\/www.vaarzeker.nl\/boothulp-ijsselmeer\/#primaryimage"},"image":{"@id":"https:\/\/www.vaarzeker.nl\/boothulp-ijsselmeer\/#primaryimage"},"thumbnailUrl":"https:\/\/www.vaarzeker.nl\/wp-content\/uploads\/2021\/09\/boothulp_ijsselmeer.jpg","datePublished":"2021-07-19T07:43:03+00:00","dateModified":"2024-02-21T09:00:39+00:00","description":"Ben\u00f6tigen Sie Bootshilfe auf dem IJsselmeer? Dann rufen Sie jetzt Vaarzeker an! Wir bieten Pannenhilfe an jedem Ort auf dem Wasser. Nehmen Sie Kontakt auf.","breadcrumb":{"@id":"https:\/\/www.vaarzeker.nl\/boothulp-ijsselmeer\/#breadcrumb"},"inLanguage":"de","potentialAction":[{"@type":"ReadAction","target":["https:\/\/www.vaarzeker.nl\/boothulp-ijsselmeer\/"]}]},{"@type":"ImageObject","inLanguage":"de","@id":"https:\/\/www.vaarzeker.nl\/boothulp-ijsselmeer\/#primaryimage","url":"https:\/\/www.vaarzeker.nl\/wp-content\/uploads\/2021\/09\/boothulp_ijsselmeer.jpg","contentUrl":"https:\/\/www.vaarzeker.nl\/wp-content\/uploads\/2021\/09\/boothulp_ijsselmeer.jpg","width":1000,"height":750,"caption":"boothulp ijsselmeer"},{"@type":"BreadcrumbList","@id":"https:\/\/www.vaarzeker.nl\/boothulp-ijsselmeer\/#breadcrumb","itemListElement":[{"@type":"ListItem","position":1,"name":"Home","item":"https:\/\/www.vaarzeker.nl\/"},{"@type":"ListItem","position":2,"name":"Boothulp IJsselmeer"}]},{"@type":"WebSite","@id":"https:\/\/newforum.mod.audio\/en\/#website","url":"https:\/\/newforum.mod.audio\/en\/","name":"Sicher zu segeln","description":"Hilfeleistung und Pannenhilfe","publisher":{"@id":"https:\/\/newforum.mod.audio\/en\/#organization"},"potentialAction":[{"@type":"SearchAction","target":{"@type":"EntryPoint","urlTemplate":"https:\/\/newforum.mod.audio\/en\/?s={search_term_string}"},"query-input":{"@type":"PropertyValueSpecification","valueRequired":true,"valueName":"search_term_string"}}],"inLanguage":"de"},{"@type":"Organization","@id":"https:\/\/newforum.mod.audio\/en\/#organization","name":"Sicher zu segeln","url":"https:\/\/newforum.mod.audio\/en\/","logo":{"@type":"ImageObject","inLanguage":"de","@id":"https:\/\/newforum.mod.audio\/en\/#\/schema\/logo\/image\/","url":"https:\/\/www.vaarzeker.nl\/wp-content\/uploads\/2021\/05\/vaarzeker_fb.jpg","contentUrl":"https:\/\/www.vaarzeker.nl\/wp-content\/uploads\/2021\/05\/vaarzeker_fb.jpg","width":988,"height":600,"caption":"Vaarzeker"},"image":{"@id":"https:\/\/newforum.mod.audio\/en\/#\/schema\/logo\/image\/"}}]}},"_links":{"self":[{"href":"https:\/\/www.vaarzeker.nl\/de\/wp-json\/wp\/v2\/pages\/735","targetHints":{"allow":["GET"]}}],"collection":[{"href":"https:\/\/www.vaarzeker.nl\/de\/wp-json\/wp\/v2\/pages"}],"about":[{"href":"https:\/\/www.vaarzeker.nl\/de\/wp-json\/wp\/v2\/types\/page"}],"author":[{"embeddable":true,"href":"https:\/\/www.vaarzeker.nl\/de\/wp-json\/wp\/v2\/users\/20"}],"replies":[{"embeddable":true,"href":"https:\/\/www.vaarzeker.nl\/de\/wp-json\/wp\/v2\/comments?post=735"}],"version-history":[{"count":2,"href":"https:\/\/www.vaarzeker.nl\/de\/wp-json\/wp\/v2\/pages\/735\/revisions"}],"predecessor-version":[{"id":4086,"href":"https:\/\/www.vaarzeker.nl\/de\/wp-json\/wp\/v2\/pages\/735\/revisions\/4086"}],"wp:featuredmedia":[{"embeddable":true,"href":"https:\/\/www.vaarzeker.nl\/de\/wp-json\/wp\/v2\/media\/813"}],"wp:attachment":[{"href":"https:\/\/www.vaarzeker.nl\/de\/wp-json\/wp\/v2\/media?parent=735"}],"curies":[{"name":"wp","href":"https:\/\/api.w.org\/{rel}","templated":true}]}}