{"id":730,"date":"2021-07-19T09:13:23","date_gmt":"2021-07-19T07:13:23","guid":{"rendered":"https:\/\/www.vaarzeker.nl\/?page_id=730"},"modified":"2024-02-21T10:13:32","modified_gmt":"2024-02-21T09:13:32","slug":"seil-in-schraube","status":"publish","type":"page","link":"https:\/\/www.vaarzeker.nl\/de\/seil-in-schraube\/","title":{"rendered":"Seil in Schraube"},"content":{"rendered":"<p>Gibt es eine <strong>Seil<\/strong> <strong>unter<\/strong> die <strong>Schraube<\/strong> Ihr Boot steckt fest? Dann ist es wichtig, dass Sie sofort Hilfe holen. Rufen Sie deshalb sofort Vaarzeker an! Wir bieten Hilfe auf dem Wasser f\u00fcr <a href=\"https:\/\/www.vaarzeker.nl\/de\/schiffspanne\/\">Schiffspanne<\/a>.  Als einziger Anbieter in den Niederlanden k\u00f6nnen wir Ihnen auf allen Gew\u00e4ssern helfen und auch Ihren Motor reparieren. Eine Adresse f\u00fcr alle Dienstleistungen, die Sie ben\u00f6tigen.<\/p>\n<h2>Seil im Propeller Ihres Bootes<\/h2>\n<p>Wenn eine Schnur oder ein Gegenstand in den Propeller Ihres Motors ger\u00e4t, k\u00f6nnen technische Probleme auftreten. Zum Beispiel kann der Motor abgew\u00fcrgt werden oder der Motor f\u00e4llt aus, wenn Sie ihn einschalten wollen. Das kann Ihnen passieren, wenn Sie in den Hafen einfahren wollen, aber auch, wenn Sie mitten im Wasser sind.<\/p>\n<p><img decoding=\"async\" class=\"wp-image-1591 aligncenter\" src=\"https:\/\/www.vaarzeker.nl\/wp-content\/uploads\/2022\/06\/touw_in_schroef-300x185.webp\" alt=\"Seil in Schraube\" width=\"363\" height=\"224\" srcset=\"https:\/\/www.vaarzeker.nl\/wp-content\/uploads\/2022\/06\/touw_in_schroef-300x185.webp 300w, https:\/\/www.vaarzeker.nl\/wp-content\/uploads\/2022\/06\/touw_in_schroef-600x370.webp 600w, https:\/\/www.vaarzeker.nl\/wp-content\/uploads\/2022\/06\/touw_in_schroef.webp 640w\" sizes=\"(max-width: 363px) 100vw, 363px\" \/><\/p>\n<h2>Seil in der Schraube: Warum Hilfe holen?<\/h2>\n<p>Wenn sich ein Seil im Propeller Ihres Bootes verfangen hat, sollten Sie es nicht selbst reparieren. Auf diese Weise k\u00f6nnen Sie m\u00f6gliche Sch\u00e4den an der Schiffsschraube oder am Au\u00dfenbordmotor vermeiden. Au\u00dferdem ist es besser, sich sofort an einen Spezialisten wie Vaarzeker zu wenden, um Ihre Sicherheit zu gew\u00e4hrleisten. Unser <a href=\"https:\/\/www.vaarzeker.nl\/de\/bootswache\/\">Bootswache<\/a> bietet die beste Pannenhilfe auf dem Wasser und an Land. Rufen Sie uns direkt an unter <a href=\"tel:0853038253\">085-3038253<\/a>!<\/p>\n<h2>Warum Vaarzeker?<\/h2>\n<p>Wenn sich ein Seil im Propeller Ihres Bootes verfangen hat, w\u00e4hlen Sie Vaarzeker. Wir sind der Spezialist f\u00fcr Pannenhilfe und Pannenschutz auf dem Wasser und an Land. Mit uns profitieren Sie au\u00dferdem von einzigartigen Vorteilen, wie zum Beispiel:<\/p>\n<ul>\n<li>Hilfe im offenen Wasser und an Land<\/li>\n<li>Abdeckung sowohl der Binnenwasserstra\u00dfen als auch der Gro\u00dfen Seen<\/li>\n<li>Unterst\u00fctzung f\u00fcr einen festen Betrag pro Monat m\u00f6glich<\/li>\n<li>St\u00fctzpunkte in den Niederlanden, die Ihnen in Notf\u00e4llen oder bei Pannen helfen<\/li>\n<\/ul>\n<p>Steckt ein Seil im Motor Ihres Bootes fest und Sie befinden sich auf offenem Wasser? Rufen Sie uns sofort an: <a href=\"tel:0853038253\">085-3038253<\/a>. Ist Ihr Boot an Land und die Pannenhilfe ist nicht in Eile? Sie k\u00f6nnen uns auch eine E-Mail schicken an <a href=\"mailto:info@vaarzeker.nl\">info@vaarzeker.nl<\/a> oder durch die <a href=\"https:\/\/www.vaarzeker.nl\/de\/kontakt\/\">Kontakt-Formular<\/a> ausf\u00fcllen.<\/p>","protected":false},"excerpt":{"rendered":"<p>Steckt ein Seil in der Schiffsschraube Ihres Bootes fest? Dann ist es wichtig, dass Sie sofort Hilfe holen. Rufen Sie deshalb sofort Vaarzeker an! Wir bieten Hilfe auf dem Wasser im Falle einer Bootspanne.  Wir sind der einzige Anbieter in den Niederlanden, der Ihnen auf allen Gew\u00e4ssern helfen und auch Ihren Motor reparieren kann. Eine Adresse f\u00fcr alle Ihre ... <a href=\"https:\/\/www.vaarzeker.nl\/de\/seil-in-schraube\/\" class=\"more-link\">Lesen Sie weiter <span class=\"screen-reader-text\">Seil in Schraube<\/span> <span class=\"meta-nav\">\u2192<\/span><\/a><\/p>","protected":false},"author":20,"featured_media":815,"parent":0,"menu_order":0,"comment_status":"closed","ping_status":"closed","template":"sub-content.php","meta":{"_acf_changed":false,"content-type":"","_monsterinsights_skip_tracking":false,"_monsterinsights_sitenote_active":false,"_monsterinsights_sitenote_note":"","_monsterinsights_sitenote_category":0,"footnotes":""},"class_list":["post-730","page","type-page","status-publish","has-post-thumbnail","hentry"],"acf":[],"yoast_head":"<!-- This site is optimized with the Yoast SEO plugin v27.6 - https:\/\/yoast.com\/product\/yoast-seo-wordpress\/ -->\n<title>Touw in schroef van uw boot? Bel direct! | Vaarzeker<\/title>\n<meta name=\"description\" content=\"Touw in de schroef van uw boot vast? Ga niet zelf aan de slag om ongelukken en schade te voorkomen. Wij bieden hulp op uw gewenste locatie.\" \/>\n<meta name=\"robots\" content=\"index, follow, max-snippet:-1, max-image-preview:large, max-video-preview:-1\" \/>\n<link rel=\"canonical\" href=\"https:\/\/www.vaarzeker.nl\/de\/seil-in-schraube\/\" \/>\n<meta property=\"og:locale\" content=\"de_DE\" \/>\n<meta property=\"og:type\" content=\"article\" \/>\n<meta property=\"og:title\" content=\"Touw in schroef van uw boot? Bel direct! | Vaarzeker\" \/>\n<meta property=\"og:description\" content=\"Touw in de schroef van uw boot vast? Ga niet zelf aan de slag om ongelukken en schade te voorkomen. Wij bieden hulp op uw gewenste locatie.\" \/>\n<meta property=\"og:url\" content=\"https:\/\/www.vaarzeker.nl\/de\/seil-in-schraube\/\" \/>\n<meta property=\"og:site_name\" content=\"Vaarzeker\" \/>\n<meta property=\"article:modified_time\" content=\"2024-02-21T09:13:32+00:00\" \/>\n<meta property=\"og:image\" content=\"https:\/\/www.vaarzeker.nl\/wp-content\/uploads\/2021\/09\/touw_in_schroef.jpg\" \/>\n\t<meta property=\"og:image:width\" content=\"1000\" \/>\n\t<meta property=\"og:image:height\" content=\"665\" \/>\n\t<meta property=\"og:image:type\" content=\"image\/jpeg\" \/>\n<meta name=\"twitter:card\" content=\"summary_large_image\" \/>\n<meta name=\"twitter:label1\" content=\"Gesch\u00e4tzte Lesezeit\" \/>\n\t<meta name=\"twitter:data1\" content=\"3\u00a0Minuten\" \/>\n<script type=\"application\/ld+json\" class=\"yoast-schema-graph\">{\"@context\":\"https:\\\/\\\/schema.org\",\"@graph\":[{\"@type\":\"WebPage\",\"@id\":\"https:\\\/\\\/www.vaarzeker.nl\\\/touw-in-schroef\\\/\",\"url\":\"https:\\\/\\\/www.vaarzeker.nl\\\/touw-in-schroef\\\/\",\"name\":\"Touw in schroef van uw boot? Bel direct! | Vaarzeker\",\"isPartOf\":{\"@id\":\"https:\\\/\\\/newforum.mod.audio\\\/en\\\/#website\"},\"primaryImageOfPage\":{\"@id\":\"https:\\\/\\\/www.vaarzeker.nl\\\/touw-in-schroef\\\/#primaryimage\"},\"image\":{\"@id\":\"https:\\\/\\\/www.vaarzeker.nl\\\/touw-in-schroef\\\/#primaryimage\"},\"thumbnailUrl\":\"https:\\\/\\\/www.vaarzeker.nl\\\/wp-content\\\/uploads\\\/2021\\\/09\\\/touw_in_schroef.jpg\",\"datePublished\":\"2021-07-19T07:13:23+00:00\",\"dateModified\":\"2024-02-21T09:13:32+00:00\",\"description\":\"Touw in de schroef van uw boot vast? Ga niet zelf aan de slag om ongelukken en schade te voorkomen. Wij bieden hulp op uw gewenste locatie.\",\"breadcrumb\":{\"@id\":\"https:\\\/\\\/www.vaarzeker.nl\\\/touw-in-schroef\\\/#breadcrumb\"},\"inLanguage\":\"de\",\"potentialAction\":[{\"@type\":\"ReadAction\",\"target\":[\"https:\\\/\\\/www.vaarzeker.nl\\\/touw-in-schroef\\\/\"]}]},{\"@type\":\"ImageObject\",\"inLanguage\":\"de\",\"@id\":\"https:\\\/\\\/www.vaarzeker.nl\\\/touw-in-schroef\\\/#primaryimage\",\"url\":\"https:\\\/\\\/www.vaarzeker.nl\\\/wp-content\\\/uploads\\\/2021\\\/09\\\/touw_in_schroef.jpg\",\"contentUrl\":\"https:\\\/\\\/www.vaarzeker.nl\\\/wp-content\\\/uploads\\\/2021\\\/09\\\/touw_in_schroef.jpg\",\"width\":1000,\"height\":665,\"caption\":\"touw in schroef\"},{\"@type\":\"BreadcrumbList\",\"@id\":\"https:\\\/\\\/www.vaarzeker.nl\\\/touw-in-schroef\\\/#breadcrumb\",\"itemListElement\":[{\"@type\":\"ListItem\",\"position\":1,\"name\":\"Home\",\"item\":\"https:\\\/\\\/www.vaarzeker.nl\\\/\"},{\"@type\":\"ListItem\",\"position\":2,\"name\":\"Touw in schroef\"}]},{\"@type\":\"WebSite\",\"@id\":\"https:\\\/\\\/newforum.mod.audio\\\/en\\\/#website\",\"url\":\"https:\\\/\\\/newforum.mod.audio\\\/en\\\/\",\"name\":\"Vaarzeker\",\"description\":\"Hulpverlening &amp; pechhulp\",\"publisher\":{\"@id\":\"https:\\\/\\\/newforum.mod.audio\\\/en\\\/#organization\"},\"potentialAction\":[{\"@type\":\"SearchAction\",\"target\":{\"@type\":\"EntryPoint\",\"urlTemplate\":\"https:\\\/\\\/newforum.mod.audio\\\/en\\\/?s={search_term_string}\"},\"query-input\":{\"@type\":\"PropertyValueSpecification\",\"valueRequired\":true,\"valueName\":\"search_term_string\"}}],\"inLanguage\":\"de\"},{\"@type\":\"Organization\",\"@id\":\"https:\\\/\\\/newforum.mod.audio\\\/en\\\/#organization\",\"name\":\"Vaarzeker\",\"url\":\"https:\\\/\\\/newforum.mod.audio\\\/en\\\/\",\"logo\":{\"@type\":\"ImageObject\",\"inLanguage\":\"de\",\"@id\":\"https:\\\/\\\/newforum.mod.audio\\\/en\\\/#\\\/schema\\\/logo\\\/image\\\/\",\"url\":\"https:\\\/\\\/www.vaarzeker.nl\\\/wp-content\\\/uploads\\\/2021\\\/05\\\/vaarzeker_fb.jpg\",\"contentUrl\":\"https:\\\/\\\/www.vaarzeker.nl\\\/wp-content\\\/uploads\\\/2021\\\/05\\\/vaarzeker_fb.jpg\",\"width\":988,\"height\":600,\"caption\":\"Vaarzeker\"},\"image\":{\"@id\":\"https:\\\/\\\/newforum.mod.audio\\\/en\\\/#\\\/schema\\\/logo\\\/image\\\/\"}}]}<\/script>\n<!-- \/ Yoast SEO plugin. -->","yoast_head_json":{"title":"Tau in der Schiffsschraube? Sofort anrufen! | Sicheres Bootfahren","description":"Ein Seil steckt in der Schiffsschraube fest? Machen Sie sich nicht selbst an die Arbeit, um Unf\u00e4lle und Sch\u00e4den zu vermeiden. Wir bieten Ihnen Hilfe an Ihrem Wunschort.","robots":{"index":"index","follow":"follow","max-snippet":"max-snippet:-1","max-image-preview":"max-image-preview:large","max-video-preview":"max-video-preview:-1"},"canonical":"https:\/\/www.vaarzeker.nl\/de\/seil-in-schraube\/","og_locale":"de_DE","og_type":"article","og_title":"Touw in schroef van uw boot? Bel direct! | Vaarzeker","og_description":"Touw in de schroef van uw boot vast? Ga niet zelf aan de slag om ongelukken en schade te voorkomen. Wij bieden hulp op uw gewenste locatie.","og_url":"https:\/\/www.vaarzeker.nl\/de\/seil-in-schraube\/","og_site_name":"Vaarzeker","article_modified_time":"2024-02-21T09:13:32+00:00","og_image":[{"width":1000,"height":665,"url":"https:\/\/www.vaarzeker.nl\/wp-content\/uploads\/2021\/09\/touw_in_schroef.jpg","type":"image\/jpeg"}],"twitter_card":"summary_large_image","twitter_misc":{"Gesch\u00e4tzte Lesezeit":"3\u00a0Minuten"},"schema":{"@context":"https:\/\/schema.org","@graph":[{"@type":"WebPage","@id":"https:\/\/www.vaarzeker.nl\/touw-in-schroef\/","url":"https:\/\/www.vaarzeker.nl\/touw-in-schroef\/","name":"Tau in der Schiffsschraube? Sofort anrufen! | Sicheres Bootfahren","isPartOf":{"@id":"https:\/\/newforum.mod.audio\/en\/#website"},"primaryImageOfPage":{"@id":"https:\/\/www.vaarzeker.nl\/touw-in-schroef\/#primaryimage"},"image":{"@id":"https:\/\/www.vaarzeker.nl\/touw-in-schroef\/#primaryimage"},"thumbnailUrl":"https:\/\/www.vaarzeker.nl\/wp-content\/uploads\/2021\/09\/touw_in_schroef.jpg","datePublished":"2021-07-19T07:13:23+00:00","dateModified":"2024-02-21T09:13:32+00:00","description":"Ein Seil steckt in der Schiffsschraube fest? Machen Sie sich nicht selbst an die Arbeit, um Unf\u00e4lle und Sch\u00e4den zu vermeiden. Wir bieten Ihnen Hilfe an Ihrem Wunschort.","breadcrumb":{"@id":"https:\/\/www.vaarzeker.nl\/touw-in-schroef\/#breadcrumb"},"inLanguage":"de","potentialAction":[{"@type":"ReadAction","target":["https:\/\/www.vaarzeker.nl\/touw-in-schroef\/"]}]},{"@type":"ImageObject","inLanguage":"de","@id":"https:\/\/www.vaarzeker.nl\/touw-in-schroef\/#primaryimage","url":"https:\/\/www.vaarzeker.nl\/wp-content\/uploads\/2021\/09\/touw_in_schroef.jpg","contentUrl":"https:\/\/www.vaarzeker.nl\/wp-content\/uploads\/2021\/09\/touw_in_schroef.jpg","width":1000,"height":665,"caption":"touw in schroef"},{"@type":"BreadcrumbList","@id":"https:\/\/www.vaarzeker.nl\/touw-in-schroef\/#breadcrumb","itemListElement":[{"@type":"ListItem","position":1,"name":"Home","item":"https:\/\/www.vaarzeker.nl\/"},{"@type":"ListItem","position":2,"name":"Touw in schroef"}]},{"@type":"WebSite","@id":"https:\/\/newforum.mod.audio\/en\/#website","url":"https:\/\/newforum.mod.audio\/en\/","name":"Sicher zu segeln","description":"Hilfeleistung und Pannenhilfe","publisher":{"@id":"https:\/\/newforum.mod.audio\/en\/#organization"},"potentialAction":[{"@type":"SearchAction","target":{"@type":"EntryPoint","urlTemplate":"https:\/\/newforum.mod.audio\/en\/?s={search_term_string}"},"query-input":{"@type":"PropertyValueSpecification","valueRequired":true,"valueName":"search_term_string"}}],"inLanguage":"de"},{"@type":"Organization","@id":"https:\/\/newforum.mod.audio\/en\/#organization","name":"Sicher zu segeln","url":"https:\/\/newforum.mod.audio\/en\/","logo":{"@type":"ImageObject","inLanguage":"de","@id":"https:\/\/newforum.mod.audio\/en\/#\/schema\/logo\/image\/","url":"https:\/\/www.vaarzeker.nl\/wp-content\/uploads\/2021\/05\/vaarzeker_fb.jpg","contentUrl":"https:\/\/www.vaarzeker.nl\/wp-content\/uploads\/2021\/05\/vaarzeker_fb.jpg","width":988,"height":600,"caption":"Vaarzeker"},"image":{"@id":"https:\/\/newforum.mod.audio\/en\/#\/schema\/logo\/image\/"}}]}},"_links":{"self":[{"href":"https:\/\/www.vaarzeker.nl\/de\/wp-json\/wp\/v2\/pages\/730","targetHints":{"allow":["GET"]}}],"collection":[{"href":"https:\/\/www.vaarzeker.nl\/de\/wp-json\/wp\/v2\/pages"}],"about":[{"href":"https:\/\/www.vaarzeker.nl\/de\/wp-json\/wp\/v2\/types\/page"}],"author":[{"embeddable":true,"href":"https:\/\/www.vaarzeker.nl\/de\/wp-json\/wp\/v2\/users\/20"}],"replies":[{"embeddable":true,"href":"https:\/\/www.vaarzeker.nl\/de\/wp-json\/wp\/v2\/comments?post=730"}],"version-history":[{"count":2,"href":"https:\/\/www.vaarzeker.nl\/de\/wp-json\/wp\/v2\/pages\/730\/revisions"}],"predecessor-version":[{"id":4094,"href":"https:\/\/www.vaarzeker.nl\/de\/wp-json\/wp\/v2\/pages\/730\/revisions\/4094"}],"wp:featuredmedia":[{"embeddable":true,"href":"https:\/\/www.vaarzeker.nl\/de\/wp-json\/wp\/v2\/media\/815"}],"wp:attachment":[{"href":"https:\/\/www.vaarzeker.nl\/de\/wp-json\/wp\/v2\/media?parent=730"}],"curies":[{"name":"wp","href":"https:\/\/api.w.org\/{rel}","templated":true}]}}