{"id":7290,"date":"2025-08-14T16:44:53","date_gmt":"2025-08-14T14:44:53","guid":{"rendered":"https:\/\/www.vaarzeker.nl\/?page_id=7290"},"modified":"2025-08-14T16:51:21","modified_gmt":"2025-08-14T14:51:21","slug":"kein-mitglied-braucht-aber-hilfe","status":"publish","type":"page","link":"https:\/\/www.vaarzeker.nl\/de\/kein-mitglied-braucht-aber-hilfe\/","title":{"rendered":"Kein Mitglied, brauche aber Hilfe"},"content":{"rendered":"<p style=\"text-align: left;\">Sie wurden auf diese Seite weitergeleitet, weil Sie ein Problem mit Ihrem Boot haben und Hilfe ben\u00f6tigen, aber noch kein Vaarzeker-Mitglied sind. Sofern verf\u00fcgbar, bieten wir Ihnen gerne Hilfe an. Hierf\u00fcr gelten besondere Bedingungen.<\/p>\n<p style=\"text-align: left;\"><strong>Schritt-f\u00fcr-Schritt-Anleitung<\/strong><\/p>\n<p style=\"text-align: left;\">1. Zun\u00e4chst m\u00fcssen Sie Mitglied werden. Wir empfehlen jedem den Kauf des Komplettpakets.<br \/>\n2. Nach der Mitgliedschaft erhalten Sie eine Nachzahlungsaufforderung f\u00fcr den ersten Service, die Sie dann selbst bezahlen.<br \/>\n3. Wir bearbeiten Ihre Meldung und informieren Sie \u00fcber das Eintreffen der Hilfe.<br \/>\n4. Der Notdienst kommt vor Ort und hilft Ihnen.<br \/>\n5. Nach der Serviceleistung werden Sie Vaarzeker-Mitglied. Bei Folgeproblemen erhalten Sie kostenlose Hilfe.<\/p>\n<p style=\"text-align: left;\"><strong>Mitglied werden<\/strong><\/p>\n<p style=\"text-align: left;\">Bevor wir Ihnen helfen k\u00f6nnen, bitten wir Sie, Mitglied zu werden. F\u00fcr Bootsfahrer, die sofortige Hilfe ben\u00f6tigen, empfehlen wir das <span style=\"color: #ff6600;\"><a style=\"color: #ff6600;\" href=\"https:\/\/www.vaarzeker.nl\/de\/abonnements\/unterstutzung-abgeschlossen\/\">Komplettpaket<\/a><\/span>. \u00dcber den Link gelangen Sie auf die Seite, auf der Sie dieses Paket erwerben k\u00f6nnen. Ihre Mitgliedschaft ist sofort aktiv und gilt f\u00fcr ein Jahr. Sollten Sie sp\u00e4ter erneut Hilfe ben\u00f6tigen, ist diese durch Ihr regul\u00e4res Abonnement abgedeckt.<\/p>\n<p style=\"text-align: left;\">Da Sie unsere Dienste sofort nutzen, erlischt die gesetzliche Widerrufsfrist f\u00fcr Ihre Mitgliedschaft.<\/p>\n<p style=\"text-align: left;\"><strong>Zahlung der ersten Dienstleistung<\/strong><\/p>\n<p style=\"text-align: left;\">Da Sie noch kein Mitglied waren, m\u00fcssen Sie die erste Dienstleistung bezahlen. Nach Abschluss des Abonnements erhalten Sie von uns eine Zahlungsaufforderung f\u00fcr die erste Dienstleistung. Diese gilt zu den gleichen Bedingungen wie bei einer bestehenden Mitgliedschaft. Im Falle einer technischen Unterst\u00fctzung bedeutet dies einen Techniker vor Ort f\u00fcr maximal eine Stunde. Ersatzteile oder Zusatzarbeiten sind nicht im Preis enthalten.<\/p>\n<p style=\"text-align: left;\">Sobald die Zahlungsaufforderung bearbeitet wurde, beginnen wir umgehend mit der Bearbeitung, um Ihnen die passende Hilfe zukommen zu lassen. Dies ist in der Regel noch am selben Tag m\u00f6glich. Wir halten Sie auf dem Laufenden.<\/p>\n<p style=\"text-align: left;\">Der Preis der Dienstleistung richtet sich nach der ben\u00f6tigten Unterst\u00fctzung und unseren aktuellen Verf\u00fcgbarkeiten. Sie werden telefonisch dar\u00fcber informiert.<\/p>","protected":false},"excerpt":{"rendered":"<p>Sie wurden auf diese Seite weitergeleitet, weil Sie ein Problem mit Ihrem Boot haben und Hilfe ben\u00f6tigen, aber noch kein Vaarzeker-Mitglied sind. Sofern verf\u00fcgbar, bieten wir Ihnen gerne Hilfe an. Hierf\u00fcr gelten spezielle Bedingungen. Schritt-f\u00fcr-Schritt-Anleitung 1. Zun\u00e4chst m\u00fcssen Sie Mitglied werden. Wir empfehlen jedem den Kauf des Komplettpakets. 2. Nach der Mitgliedschaft erhalten Sie eine &hellip; <a href=\"https:\/\/www.vaarzeker.nl\/de\/kein-mitglied-braucht-aber-hilfe\/\" class=\"more-link\">Lesen Sie weiter <span class=\"screen-reader-text\">Kein Mitglied, brauche aber Hilfe<\/span> <span class=\"meta-nav\">\u2192<\/span><\/a><\/p>","protected":false},"author":7,"featured_media":6596,"parent":0,"menu_order":0,"comment_status":"closed","ping_status":"closed","template":"sub-content.php","meta":{"_acf_changed":false,"content-type":"","_monsterinsights_skip_tracking":false,"_monsterinsights_sitenote_active":false,"_monsterinsights_sitenote_note":"","_monsterinsights_sitenote_category":0,"footnotes":""},"class_list":["post-7290","page","type-page","status-publish","has-post-thumbnail","hentry"],"acf":[],"yoast_head":"<!-- This site is optimized with the Yoast SEO plugin v27.5 - https:\/\/yoast.com\/product\/yoast-seo-wordpress\/ -->\n<title>Kein Mitglied, brauche aber Hilfe - Vaarzeker<\/title>\n<meta name=\"robots\" content=\"index, follow, max-snippet:-1, max-image-preview:large, max-video-preview:-1\" \/>\n<link rel=\"canonical\" href=\"https:\/\/www.vaarzeker.nl\/de\/kein-mitglied-braucht-aber-hilfe\/\" \/>\n<meta property=\"og:locale\" content=\"de_DE\" \/>\n<meta property=\"og:type\" content=\"article\" \/>\n<meta property=\"og:title\" content=\"Kein Mitglied, brauche aber Hilfe - Vaarzeker\" \/>\n<meta property=\"og:description\" content=\"Sie wurden auf diese Seite weitergeleitet, weil Sie ein Problem mit Ihrem Boot haben und Hilfe ben\u00f6tigen, aber noch kein Vaarzeker-Mitglied sind. Sofern verf\u00fcgbar, bieten wir Ihnen gerne Hilfe an. Hierf\u00fcr gelten spezielle Bedingungen. Schritt-f\u00fcr-Schritt-Anleitung 1. Zun\u00e4chst m\u00fcssen Sie Mitglied werden. Wir empfehlen jedem den Kauf des Komplettpakets. 2. Nach der Mitgliedschaft erhalten Sie eine &hellip; Continue reading Kein Mitglied, brauche aber Hilfe &rarr;\" \/>\n<meta property=\"og:url\" content=\"https:\/\/www.vaarzeker.nl\/de\/kein-mitglied-braucht-aber-hilfe\/\" \/>\n<meta property=\"og:site_name\" content=\"Vaarzeker\" \/>\n<meta property=\"article:modified_time\" content=\"2025-08-14T14:51:21+00:00\" \/>\n<meta property=\"og:image\" content=\"https:\/\/www.vaarzeker.nl\/wp-content\/uploads\/2025\/06\/DSC055510-1024x684-1.webp\" \/>\n\t<meta property=\"og:image:width\" content=\"1024\" \/>\n\t<meta property=\"og:image:height\" content=\"684\" \/>\n\t<meta property=\"og:image:type\" content=\"image\/webp\" \/>\n<meta name=\"twitter:card\" content=\"summary_large_image\" \/>\n<meta name=\"twitter:label1\" content=\"Gesch\u00e4tzte Lesezeit\" \/>\n\t<meta name=\"twitter:data1\" content=\"2\u00a0Minuten\" \/>\n<script type=\"application\/ld+json\" class=\"yoast-schema-graph\">{\"@context\":\"https:\\\/\\\/schema.org\",\"@graph\":[{\"@type\":\"WebPage\",\"@id\":\"https:\\\/\\\/www.vaarzeker.nl\\\/kein-mitglied-brauche-aber-hilfe\\\/\",\"url\":\"https:\\\/\\\/www.vaarzeker.nl\\\/kein-mitglied-brauche-aber-hilfe\\\/\",\"name\":\"Kein Mitglied, brauche aber Hilfe - Vaarzeker\",\"isPartOf\":{\"@id\":\"https:\\\/\\\/newforum.mod.audio\\\/en\\\/#website\"},\"primaryImageOfPage\":{\"@id\":\"https:\\\/\\\/www.vaarzeker.nl\\\/kein-mitglied-brauche-aber-hilfe\\\/#primaryimage\"},\"image\":{\"@id\":\"https:\\\/\\\/www.vaarzeker.nl\\\/kein-mitglied-brauche-aber-hilfe\\\/#primaryimage\"},\"thumbnailUrl\":\"https:\\\/\\\/www.vaarzeker.nl\\\/wp-content\\\/uploads\\\/2025\\\/06\\\/DSC055510-1024x684-1.webp\",\"datePublished\":\"2025-08-14T14:44:53+00:00\",\"dateModified\":\"2025-08-14T14:51:21+00:00\",\"breadcrumb\":{\"@id\":\"https:\\\/\\\/www.vaarzeker.nl\\\/kein-mitglied-brauche-aber-hilfe\\\/#breadcrumb\"},\"inLanguage\":\"de\",\"potentialAction\":[{\"@type\":\"ReadAction\",\"target\":[\"https:\\\/\\\/www.vaarzeker.nl\\\/kein-mitglied-brauche-aber-hilfe\\\/\"]}]},{\"@type\":\"ImageObject\",\"inLanguage\":\"de\",\"@id\":\"https:\\\/\\\/www.vaarzeker.nl\\\/kein-mitglied-brauche-aber-hilfe\\\/#primaryimage\",\"url\":\"https:\\\/\\\/www.vaarzeker.nl\\\/wp-content\\\/uploads\\\/2025\\\/06\\\/DSC055510-1024x684-1.webp\",\"contentUrl\":\"https:\\\/\\\/www.vaarzeker.nl\\\/wp-content\\\/uploads\\\/2025\\\/06\\\/DSC055510-1024x684-1.webp\",\"width\":1024,\"height\":684,\"caption\":\"pecchhulp op het water\"},{\"@type\":\"BreadcrumbList\",\"@id\":\"https:\\\/\\\/www.vaarzeker.nl\\\/kein-mitglied-brauche-aber-hilfe\\\/#breadcrumb\",\"itemListElement\":[{\"@type\":\"ListItem\",\"position\":1,\"name\":\"Home\",\"item\":\"https:\\\/\\\/www.vaarzeker.nl\\\/\"},{\"@type\":\"ListItem\",\"position\":2,\"name\":\"Kein Mitglied, brauche aber Hilfe\"}]},{\"@type\":\"WebSite\",\"@id\":\"https:\\\/\\\/newforum.mod.audio\\\/en\\\/#website\",\"url\":\"https:\\\/\\\/newforum.mod.audio\\\/en\\\/\",\"name\":\"Vaarzeker\",\"description\":\"Hulpverlening &amp; pechhulp\",\"publisher\":{\"@id\":\"https:\\\/\\\/newforum.mod.audio\\\/en\\\/#organization\"},\"potentialAction\":[{\"@type\":\"SearchAction\",\"target\":{\"@type\":\"EntryPoint\",\"urlTemplate\":\"https:\\\/\\\/newforum.mod.audio\\\/en\\\/?s={search_term_string}\"},\"query-input\":{\"@type\":\"PropertyValueSpecification\",\"valueRequired\":true,\"valueName\":\"search_term_string\"}}],\"inLanguage\":\"de\"},{\"@type\":\"Organization\",\"@id\":\"https:\\\/\\\/newforum.mod.audio\\\/en\\\/#organization\",\"name\":\"Vaarzeker\",\"url\":\"https:\\\/\\\/newforum.mod.audio\\\/en\\\/\",\"logo\":{\"@type\":\"ImageObject\",\"inLanguage\":\"de\",\"@id\":\"https:\\\/\\\/newforum.mod.audio\\\/en\\\/#\\\/schema\\\/logo\\\/image\\\/\",\"url\":\"https:\\\/\\\/www.vaarzeker.nl\\\/wp-content\\\/uploads\\\/2021\\\/05\\\/vaarzeker_fb.jpg\",\"contentUrl\":\"https:\\\/\\\/www.vaarzeker.nl\\\/wp-content\\\/uploads\\\/2021\\\/05\\\/vaarzeker_fb.jpg\",\"width\":988,\"height\":600,\"caption\":\"Vaarzeker\"},\"image\":{\"@id\":\"https:\\\/\\\/newforum.mod.audio\\\/en\\\/#\\\/schema\\\/logo\\\/image\\\/\"}}]}<\/script>\n<!-- \/ Yoast SEO plugin. -->","yoast_head_json":{"title":"Kein Mitglied, brauche aber Hilfe - Vaarzeker","robots":{"index":"index","follow":"follow","max-snippet":"max-snippet:-1","max-image-preview":"max-image-preview:large","max-video-preview":"max-video-preview:-1"},"canonical":"https:\/\/www.vaarzeker.nl\/de\/kein-mitglied-braucht-aber-hilfe\/","og_locale":"de_DE","og_type":"article","og_title":"Kein Mitglied, brauche aber Hilfe - Vaarzeker","og_description":"Sie wurden auf diese Seite weitergeleitet, weil Sie ein Problem mit Ihrem Boot haben und Hilfe ben\u00f6tigen, aber noch kein Vaarzeker-Mitglied sind. Sofern verf\u00fcgbar, bieten wir Ihnen gerne Hilfe an. Hierf\u00fcr gelten spezielle Bedingungen. Schritt-f\u00fcr-Schritt-Anleitung 1. Zun\u00e4chst m\u00fcssen Sie Mitglied werden. Wir empfehlen jedem den Kauf des Komplettpakets. 2. Nach der Mitgliedschaft erhalten Sie eine &hellip; Continue reading Kein Mitglied, brauche aber Hilfe &rarr;","og_url":"https:\/\/www.vaarzeker.nl\/de\/kein-mitglied-braucht-aber-hilfe\/","og_site_name":"Vaarzeker","article_modified_time":"2025-08-14T14:51:21+00:00","og_image":[{"width":1024,"height":684,"url":"https:\/\/www.vaarzeker.nl\/wp-content\/uploads\/2025\/06\/DSC055510-1024x684-1.webp","type":"image\/webp"}],"twitter_card":"summary_large_image","twitter_misc":{"Gesch\u00e4tzte Lesezeit":"2\u00a0Minuten"},"schema":{"@context":"https:\/\/schema.org","@graph":[{"@type":"WebPage","@id":"https:\/\/www.vaarzeker.nl\/kein-mitglied-brauche-aber-hilfe\/","url":"https:\/\/www.vaarzeker.nl\/kein-mitglied-brauche-aber-hilfe\/","name":"Kein Mitglied, brauche aber Hilfe - Vaarzeker","isPartOf":{"@id":"https:\/\/newforum.mod.audio\/en\/#website"},"primaryImageOfPage":{"@id":"https:\/\/www.vaarzeker.nl\/kein-mitglied-brauche-aber-hilfe\/#primaryimage"},"image":{"@id":"https:\/\/www.vaarzeker.nl\/kein-mitglied-brauche-aber-hilfe\/#primaryimage"},"thumbnailUrl":"https:\/\/www.vaarzeker.nl\/wp-content\/uploads\/2025\/06\/DSC055510-1024x684-1.webp","datePublished":"2025-08-14T14:44:53+00:00","dateModified":"2025-08-14T14:51:21+00:00","breadcrumb":{"@id":"https:\/\/www.vaarzeker.nl\/kein-mitglied-brauche-aber-hilfe\/#breadcrumb"},"inLanguage":"de","potentialAction":[{"@type":"ReadAction","target":["https:\/\/www.vaarzeker.nl\/kein-mitglied-brauche-aber-hilfe\/"]}]},{"@type":"ImageObject","inLanguage":"de","@id":"https:\/\/www.vaarzeker.nl\/kein-mitglied-brauche-aber-hilfe\/#primaryimage","url":"https:\/\/www.vaarzeker.nl\/wp-content\/uploads\/2025\/06\/DSC055510-1024x684-1.webp","contentUrl":"https:\/\/www.vaarzeker.nl\/wp-content\/uploads\/2025\/06\/DSC055510-1024x684-1.webp","width":1024,"height":684,"caption":"pecchhulp op het water"},{"@type":"BreadcrumbList","@id":"https:\/\/www.vaarzeker.nl\/kein-mitglied-brauche-aber-hilfe\/#breadcrumb","itemListElement":[{"@type":"ListItem","position":1,"name":"Home","item":"https:\/\/www.vaarzeker.nl\/"},{"@type":"ListItem","position":2,"name":"Kein Mitglied, brauche aber Hilfe"}]},{"@type":"WebSite","@id":"https:\/\/newforum.mod.audio\/en\/#website","url":"https:\/\/newforum.mod.audio\/en\/","name":"Sicher zu segeln","description":"Hilfeleistung und Pannenhilfe","publisher":{"@id":"https:\/\/newforum.mod.audio\/en\/#organization"},"potentialAction":[{"@type":"SearchAction","target":{"@type":"EntryPoint","urlTemplate":"https:\/\/newforum.mod.audio\/en\/?s={search_term_string}"},"query-input":{"@type":"PropertyValueSpecification","valueRequired":true,"valueName":"search_term_string"}}],"inLanguage":"de"},{"@type":"Organization","@id":"https:\/\/newforum.mod.audio\/en\/#organization","name":"Sicher zu segeln","url":"https:\/\/newforum.mod.audio\/en\/","logo":{"@type":"ImageObject","inLanguage":"de","@id":"https:\/\/newforum.mod.audio\/en\/#\/schema\/logo\/image\/","url":"https:\/\/www.vaarzeker.nl\/wp-content\/uploads\/2021\/05\/vaarzeker_fb.jpg","contentUrl":"https:\/\/www.vaarzeker.nl\/wp-content\/uploads\/2021\/05\/vaarzeker_fb.jpg","width":988,"height":600,"caption":"Vaarzeker"},"image":{"@id":"https:\/\/newforum.mod.audio\/en\/#\/schema\/logo\/image\/"}}]}},"_links":{"self":[{"href":"https:\/\/www.vaarzeker.nl\/de\/wp-json\/wp\/v2\/pages\/7290","targetHints":{"allow":["GET"]}}],"collection":[{"href":"https:\/\/www.vaarzeker.nl\/de\/wp-json\/wp\/v2\/pages"}],"about":[{"href":"https:\/\/www.vaarzeker.nl\/de\/wp-json\/wp\/v2\/types\/page"}],"author":[{"embeddable":true,"href":"https:\/\/www.vaarzeker.nl\/de\/wp-json\/wp\/v2\/users\/7"}],"replies":[{"embeddable":true,"href":"https:\/\/www.vaarzeker.nl\/de\/wp-json\/wp\/v2\/comments?post=7290"}],"version-history":[{"count":2,"href":"https:\/\/www.vaarzeker.nl\/de\/wp-json\/wp\/v2\/pages\/7290\/revisions"}],"predecessor-version":[{"id":7292,"href":"https:\/\/www.vaarzeker.nl\/de\/wp-json\/wp\/v2\/pages\/7290\/revisions\/7292"}],"wp:featuredmedia":[{"embeddable":true,"href":"https:\/\/www.vaarzeker.nl\/de\/wp-json\/wp\/v2\/media\/6596"}],"wp:attachment":[{"href":"https:\/\/www.vaarzeker.nl\/de\/wp-json\/wp\/v2\/media?parent=7290"}],"curies":[{"name":"wp","href":"https:\/\/api.w.org\/{rel}","templated":true}]}}