{"id":633,"date":"2021-05-27T13:18:48","date_gmt":"2021-05-27T11:18:48","guid":{"rendered":"https:\/\/www.vaarzeker.nl\/?page_id=633"},"modified":"2024-02-21T10:01:32","modified_gmt":"2024-02-21T09:01:32","slug":"schiffspanne","status":"publish","type":"page","link":"https:\/\/www.vaarzeker.nl\/de\/schiffspanne\/","title":{"rendered":"Bootspanne auf dem Wasser"},"content":{"rendered":"<p><strong>Bootspanne <\/strong>auf offenem Wasser?  Das kann sehr \u00e4rgerlich sein! Autopannen sind l\u00e4stig, aber man kann das Auto an die Seite fahren und aussteigen. Bei einem Boot ist das oft nicht so einfach. Sie m\u00fcssen an Land gehen, und die Probleme m\u00fcssen auch gel\u00f6st werden. Vaarzeker kann Ihnen gl\u00fccklicherweise helfen.<\/p>\n<h2>Bootspanne auf offenem Wasser<\/h2>\n<p>Ein Motorschaden an Ihrem Boot ist schon \u00e4rgerlich genug, aber Sie m\u00fcssen auch noch ans Ufer gelangen. Manchmal kann ein vorbeifahrender Wassersportler ein Abschleppen anbieten, aber es kommt auch sehr oft vor, dass gerade in diesem Moment niemand vorbeikommt. Oder Sie sind mit einem schweren Motorkreuzer unterwegs, an den sich andere Wassersportler nicht herantrauen. Genau f\u00fcr diesen Fall haben wir Pakete zusammengestellt, bei denen Sie <span style=\"color: #ff6600;\"><a style=\"color: #ff6600;\" href=\"https:\/\/www.vaarzeker.nl\/de\/abonnements\/hulpverlening-standaard\/\">Unterst\u00fctzung<\/a><\/span> auf Abonnementbasis erhalten k\u00f6nnen. Wir haben <a href=\"https:\/\/www.vaarzeker.nl\/de\/erfassungsbereich\/\"><span style=\"color: #ff6600;\">nationale Abdeckung<\/span><\/a>Das gilt sowohl f\u00fcr Binnengew\u00e4sser wie das Sneekermeer als auch f\u00fcr gro\u00dfe Gew\u00e4sser wie das Wattenmeer.<\/p>\n<p><img decoding=\"async\" class=\"alignnone wp-image-1660\" src=\"https:\/\/www.vaarzeker.nl\/wp-content\/uploads\/2022\/07\/boot_pech-300x185.jpg\" alt=\"Schiffspanne\" width=\"371\" height=\"229\" srcset=\"https:\/\/www.vaarzeker.nl\/wp-content\/uploads\/2022\/07\/boot_pech-300x185.jpg 300w, https:\/\/www.vaarzeker.nl\/wp-content\/uploads\/2022\/07\/boot_pech-600x370.jpg 600w, https:\/\/www.vaarzeker.nl\/wp-content\/uploads\/2022\/07\/boot_pech.jpg 640w\" sizes=\"(max-width: 371px) 100vw, 371px\" \/><\/p>\n<h2>Pannenhilfe<\/h2>\n<p>Wenn wir Sie ans Ufer gebracht haben oder wenn Sie selbst ans Ufer gebracht werden, muss der Motor noch repariert werden. Die Wassersportbranche ist ein Saisongesch\u00e4ft. Das bedeutet, dass alle Wassersportbetriebe im Sommer viel zu tun haben und die Wartezeiten manchmal bis zu mehreren Wochen betragen k\u00f6nnen! Seien Sie dem voraus und schlie\u00dfen Sie einen <span style=\"color: #ff6600;\"><a style=\"color: #ff6600;\" href=\"https:\/\/www.vaarzeker.nl\/de\/abonnements\/pannenhilfe\/\">Pannenhilfe-Abonnement<\/a><\/span> aus bei Vaarzeker. Unsere Mechaniker sind f\u00fcr Notf\u00e4lle bereit und k\u00f6nnen Sie in den meisten F\u00e4llen noch am selben Tag wieder auf die Stra\u00dfe bringen.<\/p>\n<h2>Seien Sie vorbereitet und werden Sie jetzt Mitglied<\/h2>\n<p>Um diesen Problemen zuvorzukommen, k\u00f6nnen Sie jetzt Mitglied bei Vaarzeker werden. Als einzige Partei in den Niederlanden k\u00f6nnen wir Ihnen Hilfe auf allen Gew\u00e4ssern anbieten und auch Ihren Motor reparieren. Eine Adresse f\u00fcr alle Dienstleistungen, die Sie ben\u00f6tigen.<\/p>\n<h2>Bootspanne? Nehmen Sie jetzt Kontakt auf!<\/h2>\n<p>Haben Sie eine unerwartete Bootspanne auf dem Wasser? Vaarzeker kann Ihnen auf dem offenen Meer und an Land helfen. Kontaktieren Sie uns direkt per Telefon: <a href=\"tel:085 3038253\">085 3038253<\/a> Oder per E-Mail an: <a href=\"mailto:info@vaarzeker.nl\">info@vaarzeker.nl<\/a>. Wir sind f\u00fcr Sie da!<\/p>","protected":false},"excerpt":{"rendered":"<p>Bootspanne auf offenem Wasser?  Das kann sehr \u00e4rgerlich sein! Autopannen sind unangenehm, aber man kann das Auto an die Seite fahren und aussteigen. Bei einem Boot ist das oft nicht so einfach. Sie m\u00fcssen an Land gehen, und die Probleme m\u00fcssen auch gel\u00f6st werden. Vaarzeker kann Ihnen gl\u00fccklicherweise helfen ... <a href=\"https:\/\/www.vaarzeker.nl\/de\/schiffspanne\/\" class=\"more-link\">Lesen Sie weiter <span class=\"screen-reader-text\">Bootspanne auf dem Wasser<\/span> <span class=\"meta-nav\">\u2192<\/span><\/a><\/p>","protected":false},"author":7,"featured_media":1659,"parent":0,"menu_order":0,"comment_status":"closed","ping_status":"closed","template":"sub-content.php","meta":{"_acf_changed":false,"content-type":"","_monsterinsights_skip_tracking":false,"_monsterinsights_sitenote_active":false,"_monsterinsights_sitenote_note":"","_monsterinsights_sitenote_category":0,"footnotes":""},"class_list":["post-633","page","type-page","status-publish","has-post-thumbnail","hentry"],"acf":[],"yoast_head":"<!-- This site is optimized with the Yoast SEO plugin v27.6 - https:\/\/yoast.com\/product\/yoast-seo-wordpress\/ -->\n<title>Bootpech op het water? Bel nu direct! | Vaarzeker.nl<\/title>\n<meta name=\"description\" content=\"Bootpech is erg vervelend, zeker als u op open water ligt. Vaarzeker kan u naar de kant slepen en de storing oplossen. Bel nu direct!\" \/>\n<meta name=\"robots\" content=\"index, follow, max-snippet:-1, max-image-preview:large, max-video-preview:-1\" \/>\n<link rel=\"canonical\" href=\"https:\/\/www.vaarzeker.nl\/de\/schiffspanne\/\" \/>\n<meta property=\"og:locale\" content=\"de_DE\" \/>\n<meta property=\"og:type\" content=\"article\" \/>\n<meta property=\"og:title\" content=\"Bootpech op het water? Bel nu direct! | Vaarzeker.nl\" \/>\n<meta property=\"og:description\" content=\"Bootpech is erg vervelend, zeker als u op open water ligt. Vaarzeker kan u naar de kant slepen en de storing oplossen. Bel nu direct!\" \/>\n<meta property=\"og:url\" content=\"https:\/\/www.vaarzeker.nl\/de\/schiffspanne\/\" \/>\n<meta property=\"og:site_name\" content=\"Vaarzeker\" \/>\n<meta property=\"article:modified_time\" content=\"2024-02-21T09:01:32+00:00\" \/>\n<meta property=\"og:image\" content=\"https:\/\/www.vaarzeker.nl\/wp-content\/uploads\/2022\/07\/bootpech.jpg\" \/>\n\t<meta property=\"og:image:width\" content=\"1024\" \/>\n\t<meta property=\"og:image:height\" content=\"389\" \/>\n\t<meta property=\"og:image:type\" content=\"image\/jpeg\" \/>\n<meta name=\"twitter:card\" content=\"summary_large_image\" \/>\n<meta name=\"twitter:label1\" content=\"Gesch\u00e4tzte Lesezeit\" \/>\n\t<meta name=\"twitter:data1\" content=\"3\u00a0Minuten\" \/>\n<script type=\"application\/ld+json\" class=\"yoast-schema-graph\">{\"@context\":\"https:\\\/\\\/schema.org\",\"@graph\":[{\"@type\":\"WebPage\",\"@id\":\"https:\\\/\\\/www.vaarzeker.nl\\\/bootpech\\\/\",\"url\":\"https:\\\/\\\/www.vaarzeker.nl\\\/bootpech\\\/\",\"name\":\"Bootpech op het water? Bel nu direct! | Vaarzeker.nl\",\"isPartOf\":{\"@id\":\"https:\\\/\\\/newforum.mod.audio\\\/en\\\/#website\"},\"primaryImageOfPage\":{\"@id\":\"https:\\\/\\\/www.vaarzeker.nl\\\/bootpech\\\/#primaryimage\"},\"image\":{\"@id\":\"https:\\\/\\\/www.vaarzeker.nl\\\/bootpech\\\/#primaryimage\"},\"thumbnailUrl\":\"https:\\\/\\\/www.vaarzeker.nl\\\/wp-content\\\/uploads\\\/2022\\\/07\\\/bootpech.jpg\",\"datePublished\":\"2021-05-27T11:18:48+00:00\",\"dateModified\":\"2024-02-21T09:01:32+00:00\",\"description\":\"Bootpech is erg vervelend, zeker als u op open water ligt. Vaarzeker kan u naar de kant slepen en de storing oplossen. Bel nu direct!\",\"breadcrumb\":{\"@id\":\"https:\\\/\\\/www.vaarzeker.nl\\\/bootpech\\\/#breadcrumb\"},\"inLanguage\":\"de\",\"potentialAction\":[{\"@type\":\"ReadAction\",\"target\":[\"https:\\\/\\\/www.vaarzeker.nl\\\/bootpech\\\/\"]}]},{\"@type\":\"ImageObject\",\"inLanguage\":\"de\",\"@id\":\"https:\\\/\\\/www.vaarzeker.nl\\\/bootpech\\\/#primaryimage\",\"url\":\"https:\\\/\\\/www.vaarzeker.nl\\\/wp-content\\\/uploads\\\/2022\\\/07\\\/bootpech.jpg\",\"contentUrl\":\"https:\\\/\\\/www.vaarzeker.nl\\\/wp-content\\\/uploads\\\/2022\\\/07\\\/bootpech.jpg\",\"width\":1024,\"height\":389,\"caption\":\"bootpech\"},{\"@type\":\"BreadcrumbList\",\"@id\":\"https:\\\/\\\/www.vaarzeker.nl\\\/bootpech\\\/#breadcrumb\",\"itemListElement\":[{\"@type\":\"ListItem\",\"position\":1,\"name\":\"Home\",\"item\":\"https:\\\/\\\/www.vaarzeker.nl\\\/\"},{\"@type\":\"ListItem\",\"position\":2,\"name\":\"Bootpech op het water\"}]},{\"@type\":\"WebSite\",\"@id\":\"https:\\\/\\\/newforum.mod.audio\\\/en\\\/#website\",\"url\":\"https:\\\/\\\/newforum.mod.audio\\\/en\\\/\",\"name\":\"Vaarzeker\",\"description\":\"Hulpverlening &amp; pechhulp\",\"publisher\":{\"@id\":\"https:\\\/\\\/newforum.mod.audio\\\/en\\\/#organization\"},\"potentialAction\":[{\"@type\":\"SearchAction\",\"target\":{\"@type\":\"EntryPoint\",\"urlTemplate\":\"https:\\\/\\\/newforum.mod.audio\\\/en\\\/?s={search_term_string}\"},\"query-input\":{\"@type\":\"PropertyValueSpecification\",\"valueRequired\":true,\"valueName\":\"search_term_string\"}}],\"inLanguage\":\"de\"},{\"@type\":\"Organization\",\"@id\":\"https:\\\/\\\/newforum.mod.audio\\\/en\\\/#organization\",\"name\":\"Vaarzeker\",\"url\":\"https:\\\/\\\/newforum.mod.audio\\\/en\\\/\",\"logo\":{\"@type\":\"ImageObject\",\"inLanguage\":\"de\",\"@id\":\"https:\\\/\\\/newforum.mod.audio\\\/en\\\/#\\\/schema\\\/logo\\\/image\\\/\",\"url\":\"https:\\\/\\\/www.vaarzeker.nl\\\/wp-content\\\/uploads\\\/2021\\\/05\\\/vaarzeker_fb.jpg\",\"contentUrl\":\"https:\\\/\\\/www.vaarzeker.nl\\\/wp-content\\\/uploads\\\/2021\\\/05\\\/vaarzeker_fb.jpg\",\"width\":988,\"height\":600,\"caption\":\"Vaarzeker\"},\"image\":{\"@id\":\"https:\\\/\\\/newforum.mod.audio\\\/en\\\/#\\\/schema\\\/logo\\\/image\\\/\"}}]}<\/script>\n<!-- \/ Yoast SEO plugin. -->","yoast_head_json":{"title":"Bootspanne auf dem Wasser? Rufen Sie jetzt an! | Vaarzeker.nl","description":"Bootspannen sind sehr \u00e4rgerlich, vor allem, wenn Sie auf offenem Wasser unterwegs sind. Vaarzeker kann Sie an Land schleppen und die Panne beheben. Jetzt anrufen!","robots":{"index":"index","follow":"follow","max-snippet":"max-snippet:-1","max-image-preview":"max-image-preview:large","max-video-preview":"max-video-preview:-1"},"canonical":"https:\/\/www.vaarzeker.nl\/de\/schiffspanne\/","og_locale":"de_DE","og_type":"article","og_title":"Bootpech op het water? Bel nu direct! | Vaarzeker.nl","og_description":"Bootpech is erg vervelend, zeker als u op open water ligt. Vaarzeker kan u naar de kant slepen en de storing oplossen. Bel nu direct!","og_url":"https:\/\/www.vaarzeker.nl\/de\/schiffspanne\/","og_site_name":"Vaarzeker","article_modified_time":"2024-02-21T09:01:32+00:00","og_image":[{"width":1024,"height":389,"url":"https:\/\/www.vaarzeker.nl\/wp-content\/uploads\/2022\/07\/bootpech.jpg","type":"image\/jpeg"}],"twitter_card":"summary_large_image","twitter_misc":{"Gesch\u00e4tzte Lesezeit":"3\u00a0Minuten"},"schema":{"@context":"https:\/\/schema.org","@graph":[{"@type":"WebPage","@id":"https:\/\/www.vaarzeker.nl\/bootpech\/","url":"https:\/\/www.vaarzeker.nl\/bootpech\/","name":"Bootspanne auf dem Wasser? Rufen Sie jetzt an! | Vaarzeker.nl","isPartOf":{"@id":"https:\/\/newforum.mod.audio\/en\/#website"},"primaryImageOfPage":{"@id":"https:\/\/www.vaarzeker.nl\/bootpech\/#primaryimage"},"image":{"@id":"https:\/\/www.vaarzeker.nl\/bootpech\/#primaryimage"},"thumbnailUrl":"https:\/\/www.vaarzeker.nl\/wp-content\/uploads\/2022\/07\/bootpech.jpg","datePublished":"2021-05-27T11:18:48+00:00","dateModified":"2024-02-21T09:01:32+00:00","description":"Bootspannen sind sehr \u00e4rgerlich, vor allem, wenn Sie auf offenem Wasser unterwegs sind. Vaarzeker kann Sie an Land schleppen und die Panne beheben. Jetzt anrufen!","breadcrumb":{"@id":"https:\/\/www.vaarzeker.nl\/bootpech\/#breadcrumb"},"inLanguage":"de","potentialAction":[{"@type":"ReadAction","target":["https:\/\/www.vaarzeker.nl\/bootpech\/"]}]},{"@type":"ImageObject","inLanguage":"de","@id":"https:\/\/www.vaarzeker.nl\/bootpech\/#primaryimage","url":"https:\/\/www.vaarzeker.nl\/wp-content\/uploads\/2022\/07\/bootpech.jpg","contentUrl":"https:\/\/www.vaarzeker.nl\/wp-content\/uploads\/2022\/07\/bootpech.jpg","width":1024,"height":389,"caption":"bootpech"},{"@type":"BreadcrumbList","@id":"https:\/\/www.vaarzeker.nl\/bootpech\/#breadcrumb","itemListElement":[{"@type":"ListItem","position":1,"name":"Home","item":"https:\/\/www.vaarzeker.nl\/"},{"@type":"ListItem","position":2,"name":"Bootpech op het water"}]},{"@type":"WebSite","@id":"https:\/\/newforum.mod.audio\/en\/#website","url":"https:\/\/newforum.mod.audio\/en\/","name":"Sicher zu segeln","description":"Hilfeleistung und Pannenhilfe","publisher":{"@id":"https:\/\/newforum.mod.audio\/en\/#organization"},"potentialAction":[{"@type":"SearchAction","target":{"@type":"EntryPoint","urlTemplate":"https:\/\/newforum.mod.audio\/en\/?s={search_term_string}"},"query-input":{"@type":"PropertyValueSpecification","valueRequired":true,"valueName":"search_term_string"}}],"inLanguage":"de"},{"@type":"Organization","@id":"https:\/\/newforum.mod.audio\/en\/#organization","name":"Sicher zu segeln","url":"https:\/\/newforum.mod.audio\/en\/","logo":{"@type":"ImageObject","inLanguage":"de","@id":"https:\/\/newforum.mod.audio\/en\/#\/schema\/logo\/image\/","url":"https:\/\/www.vaarzeker.nl\/wp-content\/uploads\/2021\/05\/vaarzeker_fb.jpg","contentUrl":"https:\/\/www.vaarzeker.nl\/wp-content\/uploads\/2021\/05\/vaarzeker_fb.jpg","width":988,"height":600,"caption":"Vaarzeker"},"image":{"@id":"https:\/\/newforum.mod.audio\/en\/#\/schema\/logo\/image\/"}}]}},"_links":{"self":[{"href":"https:\/\/www.vaarzeker.nl\/de\/wp-json\/wp\/v2\/pages\/633","targetHints":{"allow":["GET"]}}],"collection":[{"href":"https:\/\/www.vaarzeker.nl\/de\/wp-json\/wp\/v2\/pages"}],"about":[{"href":"https:\/\/www.vaarzeker.nl\/de\/wp-json\/wp\/v2\/types\/page"}],"author":[{"embeddable":true,"href":"https:\/\/www.vaarzeker.nl\/de\/wp-json\/wp\/v2\/users\/7"}],"replies":[{"embeddable":true,"href":"https:\/\/www.vaarzeker.nl\/de\/wp-json\/wp\/v2\/comments?post=633"}],"version-history":[{"count":1,"href":"https:\/\/www.vaarzeker.nl\/de\/wp-json\/wp\/v2\/pages\/633\/revisions"}],"predecessor-version":[{"id":4087,"href":"https:\/\/www.vaarzeker.nl\/de\/wp-json\/wp\/v2\/pages\/633\/revisions\/4087"}],"wp:featuredmedia":[{"embeddable":true,"href":"https:\/\/www.vaarzeker.nl\/de\/wp-json\/wp\/v2\/media\/1659"}],"wp:attachment":[{"href":"https:\/\/www.vaarzeker.nl\/de\/wp-json\/wp\/v2\/media?parent=633"}],"curies":[{"name":"wp","href":"https:\/\/api.w.org\/{rel}","templated":true}]}}