{"id":592,"date":"2021-05-16T12:30:34","date_gmt":"2021-05-16T10:30:34","guid":{"rendered":"https:\/\/www.vaarzeker.nl\/?page_id=592"},"modified":"2026-03-28T20:08:59","modified_gmt":"2026-03-28T19:08:59","slug":"hilfe-auf-dem-ijsselmeer","status":"publish","type":"page","link":"https:\/\/www.vaarzeker.nl\/de\/hilfe-auf-dem-ijsselmeer\/","title":{"rendered":"Notfallma\u00dfnahmen auf dem IJsselmeer"},"content":{"rendered":"<p>Mit Vaarzeker k\u00f6nnen Sie jetzt zum ersten Mal in den Niederlanden zu einem festen Preis pro Monat Hilfe auf dem IJsselmeer bekommen, w\u00e4hrend Sie noch nicht an Land sind. Bei anderen Anbietern ist es nur m\u00f6glich, Pannenhilfe im Hafen oder Hilfe auf offener See f\u00fcr exorbitante Betr\u00e4ge zu bekommen. Vaarzeker macht das jetzt zu einem festen Preis pro Monat m\u00f6glich, so dass Sie im Voraus genau wissen, woran Sie sind.<\/p>\n<h3>Die Fahrrinne<\/h3>\n<p>Das IJsselmeer ist eine wundersch\u00f6ne Wasserfl\u00e4che und der gr\u00f6\u00dfte See der Niederlande. Mit historischen H\u00e4fen wie Enkhuizen, Stavoren und Hindelopen gibt es viel zu sehen. Aber auch echte Segelfans kommen auf ihre Kosten, denn es gibt gro\u00dfe H\u00e4fen und Regatten, wie zum Beispiel das<span style=\"color: #ff6600;\"><a style=\"color: #ff6600;\" href=\"https:\/\/www.regattacenter.com\/\"> Regatta-Zentrum Medemblik<\/a><\/span> und H\u00e4fen in Lelystad.<\/p>\n<p>Auf dem IJsselmeer gibt es mehrere t\u00fcckische Untiefen, wie den Vrouwezand, den Hop, die Steile Bank, die Mokkenbank und die Vormt. Diese sind zwar mit Bojen versehen, aber unsere Erfahrung zeigt, dass trotzdem einiges schief gehen kann und Wassersportler auf Grund laufen k\u00f6nnen. Das Abschleppen eines Bootes aus einem flachen Gew\u00e4sser kann eine teure Angelegenheit sein, und das Internet ist voll von Geschichten dar\u00fcber. Von nun an geh\u00f6rt das der Vergangenheit an. Mit unserem <span style=\"color: #ff6600;\"><a style=\"color: #ff6600;\" href=\"https:\/\/www.vaarzeker.nl\/de\/produkt\/unterstutzung-abgeschlossen\/\">Gesamtpaket<\/a><\/span> Wenn Sie auf einer der Untiefen des IJsselmeers festsitzen, kommen wir und bringen Sie kostenlos wieder ins Wasser.<\/p>\n<p>Vaarzeker bietet sein gesamtes Leistungsspektrum auf dem IJsselmeer an. Ob Sie vor Lemmer auf Grund gelaufen sind oder vor Den Oever einen Motorschaden haben, unsere <span style=\"color: #ff6600;\"><a style=\"color: #ff6600;\" href=\"https:\/\/www.vaarzeker.nl\/de\/bootswache\/\">Bootswache<\/a><\/span> kommen, um Ihnen zu helfen!<\/p>","protected":false},"excerpt":{"rendered":"<p>Mit Vaarzeker k\u00f6nnen Sie jetzt zum ersten Mal in den Niederlanden zu einem festen Preis pro Monat Hilfe auf dem IJsselmeer bekommen, w\u00e4hrend Sie noch nicht an Land sind. Bei anderen Anbietern ist es nur m\u00f6glich, Pannenhilfe im Hafen oder Hilfe auf offener See f\u00fcr exorbitante Betr\u00e4ge zu bekommen. Vaarzeker macht das jetzt m\u00f6glich ... <a href=\"https:\/\/www.vaarzeker.nl\/de\/hilfe-auf-dem-ijsselmeer\/\" class=\"more-link\">Lesen Sie weiter <span class=\"screen-reader-text\">Notfallma\u00dfnahmen auf dem IJsselmeer<\/span> <span class=\"meta-nav\">\u2192<\/span><\/a><\/p>","protected":false},"author":7,"featured_media":0,"parent":0,"menu_order":0,"comment_status":"closed","ping_status":"closed","template":"sub-content.php","meta":{"_acf_changed":false,"content-type":"","_monsterinsights_skip_tracking":false,"_monsterinsights_sitenote_active":false,"_monsterinsights_sitenote_note":"","_monsterinsights_sitenote_category":0,"footnotes":""},"class_list":["post-592","page","type-page","status-publish","hentry"],"acf":[],"yoast_head":"<!-- This site is optimized with the Yoast SEO plugin v27.6 - https:\/\/yoast.com\/product\/yoast-seo-wordpress\/ -->\n<title>Kosteloze hulp op het IJsselmeer - Vaarzeker<\/title>\n<meta name=\"description\" content=\"Met ons uitgebreide pakket krijg je zelfs op het IJsselmeer kosteloze hulp nadat je bent vastgelopen. Kijk naar al onze diensten.\" \/>\n<meta name=\"robots\" content=\"index, follow, max-snippet:-1, max-image-preview:large, max-video-preview:-1\" \/>\n<link rel=\"canonical\" href=\"https:\/\/www.vaarzeker.nl\/de\/hilfe-auf-dem-ijsselmeer\/\" \/>\n<meta property=\"og:locale\" content=\"de_DE\" \/>\n<meta property=\"og:type\" content=\"article\" \/>\n<meta property=\"og:title\" content=\"Kosteloze hulp op het IJsselmeer - Vaarzeker\" \/>\n<meta property=\"og:description\" content=\"Met ons uitgebreide pakket krijg je zelfs op het IJsselmeer kosteloze hulp nadat je bent vastgelopen. Kijk naar al onze diensten.\" \/>\n<meta property=\"og:url\" content=\"https:\/\/www.vaarzeker.nl\/de\/hilfe-auf-dem-ijsselmeer\/\" \/>\n<meta property=\"og:site_name\" content=\"Vaarzeker\" \/>\n<meta property=\"article:modified_time\" content=\"2026-03-28T19:08:59+00:00\" \/>\n<meta name=\"twitter:card\" content=\"summary_large_image\" \/>\n<meta name=\"twitter:label1\" content=\"Gesch\u00e4tzte Lesezeit\" \/>\n\t<meta name=\"twitter:data1\" content=\"2\u00a0Minuten\" \/>\n<script type=\"application\/ld+json\" class=\"yoast-schema-graph\">{\"@context\":\"https:\\\/\\\/schema.org\",\"@graph\":[{\"@type\":\"WebPage\",\"@id\":\"https:\\\/\\\/www.vaarzeker.nl\\\/hulpverlening-op-het-ijsselmeer\\\/\",\"url\":\"https:\\\/\\\/www.vaarzeker.nl\\\/hulpverlening-op-het-ijsselmeer\\\/\",\"name\":\"Kosteloze hulp op het IJsselmeer - Vaarzeker\",\"isPartOf\":{\"@id\":\"https:\\\/\\\/newforum.mod.audio\\\/en\\\/#website\"},\"datePublished\":\"2021-05-16T10:30:34+00:00\",\"dateModified\":\"2026-03-28T19:08:59+00:00\",\"description\":\"Met ons uitgebreide pakket krijg je zelfs op het IJsselmeer kosteloze hulp nadat je bent vastgelopen. Kijk naar al onze diensten.\",\"breadcrumb\":{\"@id\":\"https:\\\/\\\/www.vaarzeker.nl\\\/hulpverlening-op-het-ijsselmeer\\\/#breadcrumb\"},\"inLanguage\":\"de\",\"potentialAction\":[{\"@type\":\"ReadAction\",\"target\":[\"https:\\\/\\\/www.vaarzeker.nl\\\/hulpverlening-op-het-ijsselmeer\\\/\"]}]},{\"@type\":\"BreadcrumbList\",\"@id\":\"https:\\\/\\\/www.vaarzeker.nl\\\/hulpverlening-op-het-ijsselmeer\\\/#breadcrumb\",\"itemListElement\":[{\"@type\":\"ListItem\",\"position\":1,\"name\":\"Home\",\"item\":\"https:\\\/\\\/www.vaarzeker.nl\\\/\"},{\"@type\":\"ListItem\",\"position\":2,\"name\":\"Hulpverlening op het IJsselmeer\"}]},{\"@type\":\"WebSite\",\"@id\":\"https:\\\/\\\/newforum.mod.audio\\\/en\\\/#website\",\"url\":\"https:\\\/\\\/newforum.mod.audio\\\/en\\\/\",\"name\":\"Vaarzeker\",\"description\":\"Hulpverlening &amp; pechhulp\",\"publisher\":{\"@id\":\"https:\\\/\\\/newforum.mod.audio\\\/en\\\/#organization\"},\"potentialAction\":[{\"@type\":\"SearchAction\",\"target\":{\"@type\":\"EntryPoint\",\"urlTemplate\":\"https:\\\/\\\/newforum.mod.audio\\\/en\\\/?s={search_term_string}\"},\"query-input\":{\"@type\":\"PropertyValueSpecification\",\"valueRequired\":true,\"valueName\":\"search_term_string\"}}],\"inLanguage\":\"de\"},{\"@type\":\"Organization\",\"@id\":\"https:\\\/\\\/newforum.mod.audio\\\/en\\\/#organization\",\"name\":\"Vaarzeker\",\"url\":\"https:\\\/\\\/newforum.mod.audio\\\/en\\\/\",\"logo\":{\"@type\":\"ImageObject\",\"inLanguage\":\"de\",\"@id\":\"https:\\\/\\\/newforum.mod.audio\\\/en\\\/#\\\/schema\\\/logo\\\/image\\\/\",\"url\":\"https:\\\/\\\/www.vaarzeker.nl\\\/wp-content\\\/uploads\\\/2021\\\/05\\\/vaarzeker_fb.jpg\",\"contentUrl\":\"https:\\\/\\\/www.vaarzeker.nl\\\/wp-content\\\/uploads\\\/2021\\\/05\\\/vaarzeker_fb.jpg\",\"width\":988,\"height\":600,\"caption\":\"Vaarzeker\"},\"image\":{\"@id\":\"https:\\\/\\\/newforum.mod.audio\\\/en\\\/#\\\/schema\\\/logo\\\/image\\\/\"}}]}<\/script>\n<!-- \/ Yoast SEO plugin. -->","yoast_head_json":{"title":"Kostenlose Hilfe auf dem IJsselmeer - Vaarzeker","description":"Mit unserem umfassenden Paket erhalten Sie auch auf dem IJsselmeer kostenlose Hilfe, wenn Sie stecken bleiben. Werfen Sie einen Blick auf alle unsere Dienstleistungen.","robots":{"index":"index","follow":"follow","max-snippet":"max-snippet:-1","max-image-preview":"max-image-preview:large","max-video-preview":"max-video-preview:-1"},"canonical":"https:\/\/www.vaarzeker.nl\/de\/hilfe-auf-dem-ijsselmeer\/","og_locale":"de_DE","og_type":"article","og_title":"Kosteloze hulp op het IJsselmeer - Vaarzeker","og_description":"Met ons uitgebreide pakket krijg je zelfs op het IJsselmeer kosteloze hulp nadat je bent vastgelopen. Kijk naar al onze diensten.","og_url":"https:\/\/www.vaarzeker.nl\/de\/hilfe-auf-dem-ijsselmeer\/","og_site_name":"Vaarzeker","article_modified_time":"2026-03-28T19:08:59+00:00","twitter_card":"summary_large_image","twitter_misc":{"Gesch\u00e4tzte Lesezeit":"2\u00a0Minuten"},"schema":{"@context":"https:\/\/schema.org","@graph":[{"@type":"WebPage","@id":"https:\/\/www.vaarzeker.nl\/hulpverlening-op-het-ijsselmeer\/","url":"https:\/\/www.vaarzeker.nl\/hulpverlening-op-het-ijsselmeer\/","name":"Kostenlose Hilfe auf dem IJsselmeer - Vaarzeker","isPartOf":{"@id":"https:\/\/newforum.mod.audio\/en\/#website"},"datePublished":"2021-05-16T10:30:34+00:00","dateModified":"2026-03-28T19:08:59+00:00","description":"Mit unserem umfassenden Paket erhalten Sie auch auf dem IJsselmeer kostenlose Hilfe, wenn Sie stecken bleiben. Werfen Sie einen Blick auf alle unsere Dienstleistungen.","breadcrumb":{"@id":"https:\/\/www.vaarzeker.nl\/hulpverlening-op-het-ijsselmeer\/#breadcrumb"},"inLanguage":"de","potentialAction":[{"@type":"ReadAction","target":["https:\/\/www.vaarzeker.nl\/hulpverlening-op-het-ijsselmeer\/"]}]},{"@type":"BreadcrumbList","@id":"https:\/\/www.vaarzeker.nl\/hulpverlening-op-het-ijsselmeer\/#breadcrumb","itemListElement":[{"@type":"ListItem","position":1,"name":"Home","item":"https:\/\/www.vaarzeker.nl\/"},{"@type":"ListItem","position":2,"name":"Hulpverlening op het IJsselmeer"}]},{"@type":"WebSite","@id":"https:\/\/newforum.mod.audio\/en\/#website","url":"https:\/\/newforum.mod.audio\/en\/","name":"Sicher zu segeln","description":"Hilfeleistung und Pannenhilfe","publisher":{"@id":"https:\/\/newforum.mod.audio\/en\/#organization"},"potentialAction":[{"@type":"SearchAction","target":{"@type":"EntryPoint","urlTemplate":"https:\/\/newforum.mod.audio\/en\/?s={search_term_string}"},"query-input":{"@type":"PropertyValueSpecification","valueRequired":true,"valueName":"search_term_string"}}],"inLanguage":"de"},{"@type":"Organization","@id":"https:\/\/newforum.mod.audio\/en\/#organization","name":"Sicher zu segeln","url":"https:\/\/newforum.mod.audio\/en\/","logo":{"@type":"ImageObject","inLanguage":"de","@id":"https:\/\/newforum.mod.audio\/en\/#\/schema\/logo\/image\/","url":"https:\/\/www.vaarzeker.nl\/wp-content\/uploads\/2021\/05\/vaarzeker_fb.jpg","contentUrl":"https:\/\/www.vaarzeker.nl\/wp-content\/uploads\/2021\/05\/vaarzeker_fb.jpg","width":988,"height":600,"caption":"Vaarzeker"},"image":{"@id":"https:\/\/newforum.mod.audio\/en\/#\/schema\/logo\/image\/"}}]}},"_links":{"self":[{"href":"https:\/\/www.vaarzeker.nl\/de\/wp-json\/wp\/v2\/pages\/592","targetHints":{"allow":["GET"]}}],"collection":[{"href":"https:\/\/www.vaarzeker.nl\/de\/wp-json\/wp\/v2\/pages"}],"about":[{"href":"https:\/\/www.vaarzeker.nl\/de\/wp-json\/wp\/v2\/types\/page"}],"author":[{"embeddable":true,"href":"https:\/\/www.vaarzeker.nl\/de\/wp-json\/wp\/v2\/users\/7"}],"replies":[{"embeddable":true,"href":"https:\/\/www.vaarzeker.nl\/de\/wp-json\/wp\/v2\/comments?post=592"}],"version-history":[{"count":3,"href":"https:\/\/www.vaarzeker.nl\/de\/wp-json\/wp\/v2\/pages\/592\/revisions"}],"predecessor-version":[{"id":8919,"href":"https:\/\/www.vaarzeker.nl\/de\/wp-json\/wp\/v2\/pages\/592\/revisions\/8919"}],"wp:attachment":[{"href":"https:\/\/www.vaarzeker.nl\/de\/wp-json\/wp\/v2\/media?parent=592"}],"curies":[{"name":"wp","href":"https:\/\/api.w.org\/{rel}","templated":true}]}}