{"id":4187,"date":"2024-03-14T13:46:06","date_gmt":"2024-03-14T12:46:06","guid":{"rendered":"https:\/\/www.vaarzeker.nl\/?page_id=4187"},"modified":"2024-04-04T12:00:26","modified_gmt":"2024-04-04T10:00:26","slug":"stellenausschreibung","status":"publish","type":"page","link":"https:\/\/www.vaarzeker.nl\/de\/stellenausschreibung\/","title":{"rendered":"Stellenausschreibung"},"content":{"rendered":"<div class=\"css-1oep9t7 eu4oa1w0\">\n<h2 class=\"css-eoghzg e1tiznh50\" style=\"text-align: left;\">Stellenbeschreibung<\/h2>\n<div>\n<div class=\"jd-appended-job-description\">\n<div class=\"jd-section-employer\" style=\"text-align: left;\">\n<div class=\"jd-description-text\">\n<p>Kommen Sie mit dem Team von Vaarzeker an Bord und machen Sie Ihr Hobby noch heute zum Beruf! Bei uns arbeiten Sie an allen Arten von Booten, von Schaluppen bis zu RIBs mit 350 PS! Sie k\u00f6nnen aber auch an Bord gehen und mitsegeln.<\/p>\n<p>Als vielseitiger technischer und nautischer Mitarbeiter leben Sie f\u00fcr Herausforderungen und Abwechslung. Vom Abschleppen eines gestrandeten Bootes aus dem IJsselmeer mit einem superschnellen RIB bis zur Behebung eines Motorschadens auf dem Land mit dem Servicebus. Bei uns ist kein Tag wie der andere und wir k\u00f6nnen Ihnen noch nicht sagen, was Sie n\u00e4chste Woche tun werden. Sie f\u00fchlen sich wohl, wenn Sie selbstst\u00e4ndig arbeiten, k\u00f6nnen aber bei Fragen auf Ihren Vorgesetzten zur\u00fcckgreifen.<\/p>\n<p>Letztendlich bestand Ihr Einsatz vor allem darin, Menschen mit Problemen wieder auf die Beine zu helfen. Sie sind der rettende Engel, der verhindert, dass der Urlaub ins Wasser f\u00e4llt.<\/p>\n<p><i><b>Profil<\/b><\/i><br \/>\n- Sie haben Erfahrung in der Wartung und Reparatur von Verbrennungsmotoren<br \/>\n- Sie sind im Besitz des F\u00fchrerscheins B (BE ist von Vorteil)<br \/>\n- Sie haben eine Affinit\u00e4t zum Wassersport<br \/>\n- Sie sprechen Niederl\u00e4ndisch (Deutsch- und Englischkenntnisse sind von Vorteil)<br \/>\n- Erfahrung mit Booten ist ein gro\u00dfes Plus<br \/>\n- Bootsf\u00fchrerschein 1 &amp; 2 ist ein Plus<br \/>\n- Sie wohnen in der Region Nordholland<br \/>\n- Sie sind repr\u00e4sentativ f\u00fcr unsere Kunden<br \/>\n- Sie sind bereit, gelegentlich an Wochenenden oder abends zu arbeiten<\/p>\n<p><i><b>Was wir Ihnen bieten k\u00f6nnen<\/b><\/i><br \/>\n- Gute Verg\u00fctung, verhandelbar, je nach Kenntnis und Erfahrung<br \/>\n- Wir setzen uns konkrete Ziele, um im Gehalt aufzusteigen<br \/>\n- Wir bieten Ihnen einen abwechslungsreichen Job, bei dem Sie nicht nur technisch t\u00e4tig sind, sondern auch segeln d\u00fcrfen. Sie unterst\u00fctzen bei zahlreichen Aufgaben und k\u00f6nnen sich breit entfalten<br \/>\n- Einschl\u00e4gige Abschl\u00fcsse und Ausbildungen k\u00f6nnen nachgeholt werden. Zum Beispiel auch Bootsf\u00fchrerschein oder BE-F\u00fchrerschein<\/p>\n<p><i><b>Beispiel Arbeit<\/b><\/i><br \/>\n- Sie werden mit unserem Servicebus unterwegs sein, um Pannen vor Ort zu beheben. Dies wird Sie durch das ganze Land f\u00fchren<br \/>\n- Manchmal treiben die Kunden auf dem Wasser. Sie nehmen unser Assistenzboot auf dem Trailer mit, um von einem geeigneten Ort zu den Kunden zu fahren und ihnen dort zu helfen<br \/>\n- Sie f\u00fchren Wartungsarbeiten an unserer bestehenden Fahrzeug- und Schiffsflotte durch<br \/>\n- Sie denken und arbeiten mit am Neubau unserer schnellen RIBs<br \/>\n- Sie fahren als Steuermann auf unseren RIBs (350 PS und 100 km\/h) mit. Bei ausreichender Erfahrung k\u00f6nnen Sie auch Skipper werden<br \/>\n- Ein Kunde ist auf dem IJsselmeer auf Grund gelaufen. Sie gehen zusammen mit dem Skipper an Bord des Bootes und fahren blitzschnell in diese Richtung, um das Boot abzuschleppen<br \/>\n- In ruhigen Zeiten werden Sie an Verbesserungen im B\u00fcro mitarbeiten<br \/>\n- Sie helfen bei der Bergung gesunkener Schiffe<\/p>\n<p><i><b>\u00dcber Vaarzeker<\/b><\/i><br \/>\nVaarzeker ist ein Unternehmen, das Wassersportlern bei Problemen technische und nautische Hilfe anbietet. Als Mitarbeiter bei Vaarzeker werden Sie gut behandelt und k\u00f6nnen in allen Bereichen des Unternehmens eingesetzt werden. Mit der richtigen Einstellung werden Sie es bei uns weit bringen, und wir sind bereit, Ihnen viele M\u00f6glichkeiten zu bieten.<\/p>\n<\/div>\n<\/div>\n<div class=\"jd-section-job-type\" style=\"text-align: left;\">\n<p class=\"jd-description-text\">Art der Besch\u00e4ftigung: Vollzeit<\/p>\n<\/div>\n<div class=\"jd-section-job-salary\" style=\"text-align: left;\">\n<p class=\"jd-description-text\">Gehalt: 2.200,00 \u20ac - 3.350,00 \u20ac pro Monat<\/p>\n<\/div>\n<div class=\"jd-section-job-taxonomy-attributes\" style=\"text-align: left;\"><\/div>\n<div class=\"jd-section-job-addendum\">\n<p class=\"jd-description-text\" style=\"text-align: left;\">\n<\/div>\n<\/div>\n<\/div>\n<\/div>","protected":false},"excerpt":{"rendered":"<p>Stellenbeschreibung Kommen Sie mit dem Team von Vaarzeker an Bord und machen Sie Ihr Hobby noch heute zum Beruf! Bei uns arbeiten Sie an allen Arten von Booten, von Schaluppen bis zu RIBs mit 350 PS! Sie k\u00f6nnen aber auch an Bord gehen und mitsegeln. Als technischer und nautischer Allrounder leben Sie f\u00fcr Herausforderungen und Abwechslung. Von einem ... <a href=\"https:\/\/www.vaarzeker.nl\/de\/stellenausschreibung\/\" class=\"more-link\">Lesen Sie weiter <span class=\"screen-reader-text\">Stellenausschreibung<\/span> <span class=\"meta-nav\">\u2192<\/span><\/a><\/p>","protected":false},"author":4,"featured_media":3754,"parent":0,"menu_order":0,"comment_status":"closed","ping_status":"closed","template":"sub-content.php","meta":{"_acf_changed":false,"content-type":"","_monsterinsights_skip_tracking":false,"_monsterinsights_sitenote_active":false,"_monsterinsights_sitenote_note":"","_monsterinsights_sitenote_category":0,"footnotes":""},"class_list":["post-4187","page","type-page","status-publish","has-post-thumbnail","hentry"],"acf":[],"yoast_head":"<!-- This site is optimized with the Yoast SEO plugin v27.6 - https:\/\/yoast.com\/product\/yoast-seo-wordpress\/ -->\n<title>Vacature - Vaarzeker<\/title>\n<meta name=\"description\" content=\"Maak je van hobby je beroep en kom werken bij Vaarzeker als allround technisch medewerker, die ook aan varen toe komt!\" \/>\n<meta name=\"robots\" content=\"index, follow, max-snippet:-1, max-image-preview:large, max-video-preview:-1\" \/>\n<link rel=\"canonical\" href=\"https:\/\/www.vaarzeker.nl\/de\/stellenausschreibung\/\" \/>\n<meta property=\"og:locale\" content=\"de_DE\" \/>\n<meta property=\"og:type\" content=\"article\" \/>\n<meta property=\"og:title\" content=\"Vacature - Vaarzeker\" \/>\n<meta property=\"og:description\" content=\"Maak je van hobby je beroep en kom werken bij Vaarzeker als allround technisch medewerker, die ook aan varen toe komt!\" \/>\n<meta property=\"og:url\" content=\"https:\/\/www.vaarzeker.nl\/de\/stellenausschreibung\/\" \/>\n<meta property=\"og:site_name\" content=\"Vaarzeker\" \/>\n<meta property=\"article:modified_time\" content=\"2024-04-04T10:00:26+00:00\" \/>\n<meta property=\"og:image\" content=\"https:\/\/www.vaarzeker.nl\/wp-content\/uploads\/2024\/02\/abonnement-header.jpg\" \/>\n\t<meta property=\"og:image:width\" content=\"1700\" \/>\n\t<meta property=\"og:image:height\" content=\"707\" \/>\n\t<meta property=\"og:image:type\" content=\"image\/jpeg\" \/>\n<meta name=\"twitter:card\" content=\"summary_large_image\" \/>\n<meta name=\"twitter:label1\" content=\"Gesch\u00e4tzte Lesezeit\" \/>\n\t<meta name=\"twitter:data1\" content=\"3\u00a0Minuten\" \/>\n<script type=\"application\/ld+json\" class=\"yoast-schema-graph\">{\"@context\":\"https:\\\/\\\/schema.org\",\"@graph\":[{\"@type\":\"WebPage\",\"@id\":\"https:\\\/\\\/www.vaarzeker.nl\\\/vacature\\\/\",\"url\":\"https:\\\/\\\/www.vaarzeker.nl\\\/vacature\\\/\",\"name\":\"Vacature - Vaarzeker\",\"isPartOf\":{\"@id\":\"https:\\\/\\\/newforum.mod.audio\\\/en\\\/#website\"},\"primaryImageOfPage\":{\"@id\":\"https:\\\/\\\/www.vaarzeker.nl\\\/vacature\\\/#primaryimage\"},\"image\":{\"@id\":\"https:\\\/\\\/www.vaarzeker.nl\\\/vacature\\\/#primaryimage\"},\"thumbnailUrl\":\"https:\\\/\\\/www.vaarzeker.nl\\\/wp-content\\\/uploads\\\/2024\\\/02\\\/abonnement-header.jpg\",\"datePublished\":\"2024-03-14T12:46:06+00:00\",\"dateModified\":\"2024-04-04T10:00:26+00:00\",\"description\":\"Maak je van hobby je beroep en kom werken bij Vaarzeker als allround technisch medewerker, die ook aan varen toe komt!\",\"breadcrumb\":{\"@id\":\"https:\\\/\\\/www.vaarzeker.nl\\\/vacature\\\/#breadcrumb\"},\"inLanguage\":\"de\",\"potentialAction\":[{\"@type\":\"ReadAction\",\"target\":[\"https:\\\/\\\/www.vaarzeker.nl\\\/vacature\\\/\"]}]},{\"@type\":\"ImageObject\",\"inLanguage\":\"de\",\"@id\":\"https:\\\/\\\/www.vaarzeker.nl\\\/vacature\\\/#primaryimage\",\"url\":\"https:\\\/\\\/www.vaarzeker.nl\\\/wp-content\\\/uploads\\\/2024\\\/02\\\/abonnement-header.jpg\",\"contentUrl\":\"https:\\\/\\\/www.vaarzeker.nl\\\/wp-content\\\/uploads\\\/2024\\\/02\\\/abonnement-header.jpg\",\"width\":1700,\"height\":707},{\"@type\":\"BreadcrumbList\",\"@id\":\"https:\\\/\\\/www.vaarzeker.nl\\\/vacature\\\/#breadcrumb\",\"itemListElement\":[{\"@type\":\"ListItem\",\"position\":1,\"name\":\"Home\",\"item\":\"https:\\\/\\\/www.vaarzeker.nl\\\/\"},{\"@type\":\"ListItem\",\"position\":2,\"name\":\"Vacature\"}]},{\"@type\":\"WebSite\",\"@id\":\"https:\\\/\\\/newforum.mod.audio\\\/en\\\/#website\",\"url\":\"https:\\\/\\\/newforum.mod.audio\\\/en\\\/\",\"name\":\"Vaarzeker\",\"description\":\"Hulpverlening &amp; pechhulp\",\"publisher\":{\"@id\":\"https:\\\/\\\/newforum.mod.audio\\\/en\\\/#organization\"},\"potentialAction\":[{\"@type\":\"SearchAction\",\"target\":{\"@type\":\"EntryPoint\",\"urlTemplate\":\"https:\\\/\\\/newforum.mod.audio\\\/en\\\/?s={search_term_string}\"},\"query-input\":{\"@type\":\"PropertyValueSpecification\",\"valueRequired\":true,\"valueName\":\"search_term_string\"}}],\"inLanguage\":\"de\"},{\"@type\":\"Organization\",\"@id\":\"https:\\\/\\\/newforum.mod.audio\\\/en\\\/#organization\",\"name\":\"Vaarzeker\",\"url\":\"https:\\\/\\\/newforum.mod.audio\\\/en\\\/\",\"logo\":{\"@type\":\"ImageObject\",\"inLanguage\":\"de\",\"@id\":\"https:\\\/\\\/newforum.mod.audio\\\/en\\\/#\\\/schema\\\/logo\\\/image\\\/\",\"url\":\"https:\\\/\\\/www.vaarzeker.nl\\\/wp-content\\\/uploads\\\/2021\\\/05\\\/vaarzeker_fb.jpg\",\"contentUrl\":\"https:\\\/\\\/www.vaarzeker.nl\\\/wp-content\\\/uploads\\\/2021\\\/05\\\/vaarzeker_fb.jpg\",\"width\":988,\"height\":600,\"caption\":\"Vaarzeker\"},\"image\":{\"@id\":\"https:\\\/\\\/newforum.mod.audio\\\/en\\\/#\\\/schema\\\/logo\\\/image\\\/\"}}]}<\/script>\n<!-- \/ Yoast SEO plugin. -->","yoast_head_json":{"title":"Stellenausschreibung - Vaarzeker","description":"Machen Sie Ihr Hobby zum Beruf und steigen Sie bei Vaarzeker als technischer Allrounder ein, der auch segeln kann!","robots":{"index":"index","follow":"follow","max-snippet":"max-snippet:-1","max-image-preview":"max-image-preview:large","max-video-preview":"max-video-preview:-1"},"canonical":"https:\/\/www.vaarzeker.nl\/de\/stellenausschreibung\/","og_locale":"de_DE","og_type":"article","og_title":"Vacature - Vaarzeker","og_description":"Maak je van hobby je beroep en kom werken bij Vaarzeker als allround technisch medewerker, die ook aan varen toe komt!","og_url":"https:\/\/www.vaarzeker.nl\/de\/stellenausschreibung\/","og_site_name":"Vaarzeker","article_modified_time":"2024-04-04T10:00:26+00:00","og_image":[{"width":1700,"height":707,"url":"https:\/\/www.vaarzeker.nl\/wp-content\/uploads\/2024\/02\/abonnement-header.jpg","type":"image\/jpeg"}],"twitter_card":"summary_large_image","twitter_misc":{"Gesch\u00e4tzte Lesezeit":"3\u00a0Minuten"},"schema":{"@context":"https:\/\/schema.org","@graph":[{"@type":"WebPage","@id":"https:\/\/www.vaarzeker.nl\/vacature\/","url":"https:\/\/www.vaarzeker.nl\/vacature\/","name":"Stellenausschreibung - Vaarzeker","isPartOf":{"@id":"https:\/\/newforum.mod.audio\/en\/#website"},"primaryImageOfPage":{"@id":"https:\/\/www.vaarzeker.nl\/vacature\/#primaryimage"},"image":{"@id":"https:\/\/www.vaarzeker.nl\/vacature\/#primaryimage"},"thumbnailUrl":"https:\/\/www.vaarzeker.nl\/wp-content\/uploads\/2024\/02\/abonnement-header.jpg","datePublished":"2024-03-14T12:46:06+00:00","dateModified":"2024-04-04T10:00:26+00:00","description":"Machen Sie Ihr Hobby zum Beruf und steigen Sie bei Vaarzeker als technischer Allrounder ein, der auch segeln kann!","breadcrumb":{"@id":"https:\/\/www.vaarzeker.nl\/vacature\/#breadcrumb"},"inLanguage":"de","potentialAction":[{"@type":"ReadAction","target":["https:\/\/www.vaarzeker.nl\/vacature\/"]}]},{"@type":"ImageObject","inLanguage":"de","@id":"https:\/\/www.vaarzeker.nl\/vacature\/#primaryimage","url":"https:\/\/www.vaarzeker.nl\/wp-content\/uploads\/2024\/02\/abonnement-header.jpg","contentUrl":"https:\/\/www.vaarzeker.nl\/wp-content\/uploads\/2024\/02\/abonnement-header.jpg","width":1700,"height":707},{"@type":"BreadcrumbList","@id":"https:\/\/www.vaarzeker.nl\/vacature\/#breadcrumb","itemListElement":[{"@type":"ListItem","position":1,"name":"Home","item":"https:\/\/www.vaarzeker.nl\/"},{"@type":"ListItem","position":2,"name":"Vacature"}]},{"@type":"WebSite","@id":"https:\/\/newforum.mod.audio\/en\/#website","url":"https:\/\/newforum.mod.audio\/en\/","name":"Sicher zu segeln","description":"Hilfeleistung und Pannenhilfe","publisher":{"@id":"https:\/\/newforum.mod.audio\/en\/#organization"},"potentialAction":[{"@type":"SearchAction","target":{"@type":"EntryPoint","urlTemplate":"https:\/\/newforum.mod.audio\/en\/?s={search_term_string}"},"query-input":{"@type":"PropertyValueSpecification","valueRequired":true,"valueName":"search_term_string"}}],"inLanguage":"de"},{"@type":"Organization","@id":"https:\/\/newforum.mod.audio\/en\/#organization","name":"Sicher zu segeln","url":"https:\/\/newforum.mod.audio\/en\/","logo":{"@type":"ImageObject","inLanguage":"de","@id":"https:\/\/newforum.mod.audio\/en\/#\/schema\/logo\/image\/","url":"https:\/\/www.vaarzeker.nl\/wp-content\/uploads\/2021\/05\/vaarzeker_fb.jpg","contentUrl":"https:\/\/www.vaarzeker.nl\/wp-content\/uploads\/2021\/05\/vaarzeker_fb.jpg","width":988,"height":600,"caption":"Vaarzeker"},"image":{"@id":"https:\/\/newforum.mod.audio\/en\/#\/schema\/logo\/image\/"}}]}},"_links":{"self":[{"href":"https:\/\/www.vaarzeker.nl\/de\/wp-json\/wp\/v2\/pages\/4187","targetHints":{"allow":["GET"]}}],"collection":[{"href":"https:\/\/www.vaarzeker.nl\/de\/wp-json\/wp\/v2\/pages"}],"about":[{"href":"https:\/\/www.vaarzeker.nl\/de\/wp-json\/wp\/v2\/types\/page"}],"author":[{"embeddable":true,"href":"https:\/\/www.vaarzeker.nl\/de\/wp-json\/wp\/v2\/users\/4"}],"replies":[{"embeddable":true,"href":"https:\/\/www.vaarzeker.nl\/de\/wp-json\/wp\/v2\/comments?post=4187"}],"version-history":[{"count":4,"href":"https:\/\/www.vaarzeker.nl\/de\/wp-json\/wp\/v2\/pages\/4187\/revisions"}],"predecessor-version":[{"id":4317,"href":"https:\/\/www.vaarzeker.nl\/de\/wp-json\/wp\/v2\/pages\/4187\/revisions\/4317"}],"wp:featuredmedia":[{"embeddable":true,"href":"https:\/\/www.vaarzeker.nl\/de\/wp-json\/wp\/v2\/media\/3754"}],"wp:attachment":[{"href":"https:\/\/www.vaarzeker.nl\/de\/wp-json\/wp\/v2\/media?parent=4187"}],"curies":[{"name":"wp","href":"https:\/\/api.w.org\/{rel}","templated":true}]}}