{"id":3948,"date":"2024-02-20T21:46:39","date_gmt":"2024-02-20T20:46:39","guid":{"rendered":"https:\/\/www.vaarzeker.nl\/?page_id=3948"},"modified":"2025-06-22T21:02:34","modified_gmt":"2025-06-22T19:02:34","slug":"vergleiche-bootswache","status":"publish","type":"page","link":"https:\/\/www.vaarzeker.nl\/de\/vergleiche-bootswache\/","title":{"rendered":""},"content":{"rendered":"<h1>Die Bootswache<\/h1>\n<p>Boat Watch ist ein weiterer Anbieter von Pannenhilfe f\u00fcr Boote, der vielen Wassersportlern bekannt ist. Er bietet nur dann Hilfe an, wenn Sie von Land aus f\u00fcr einen Mechaniker erreichbar sind. Die Bedingungen, die Boat Watch daf\u00fcr verwendet, unterscheiden sich im Detail von den Bedingungen, die Vaarzeker f\u00fcr sein Einstiegspaket verwendet.<\/p>\n<h2>Die Unterschiede<\/h2>\n<p>Boatwatch gibt es schon l\u00e4nger als Vaarzeker und ist daher mehr Menschen bekannt. Aber was genau sind die Unterschiede?<\/p>\n<h3>Bewertungen<\/h3>\n<p>Um zu sehen, was die Kunden \u00fcber beide Anbieter sagen, schauen wir uns hier die Bewertungen auf Google Maps an. Boatwatch erh\u00e4lt hier 4,3 von 5 Sternen, bei 81 Bewertungen. Vaarzeker ist mit 4,8 von 5 Sternen und 91 Bewertungen besser bewertet.<\/p>\n<h3>Preis<\/h3>\n<p>Boatwatch verlangt 93,5 Euro pro Jahr f\u00fcr seine Pannenhilfe. Vaarzeker bietet sein Pannenhilfepaket mit 79 Euro pro Jahr g\u00fcnstiger an.<\/p>\n<h3>Dienstleistungen<\/h3>\n<p>Das Pannenhilfepaket von Vaarzeker \u00e4hnelt weitgehend den Leistungen von Boatwatch. Was aber, wenn Sie vom Ufer aus nicht erreichbar sind? In den Allgemeinen Gesch\u00e4ftsbedingungen von Boatwatch steht dazu Folgendes:<br \/>\n<em><strong>Artikel 10) Wo besteht das Recht auf Beistand?<\/strong><strong><br \/>\n<\/strong>(...) Das Schiff sollte f\u00fcr den Bootsmann, dessen Hilfe angefordert wird, erreichbar sein. Dabei ist davon auszugehen, dass die St\u00fctzpunkte angesichts der Geschwindigkeit, mit der sie Entfernungen zur\u00fccklegen m\u00fcssen, mit dem Auto unterwegs sind. Wenn Sie sich mitten im Wasser befinden, werden wir zun\u00e4chst immer einen anderen Wassersportler bitten, Sie an Land zu ziehen. Sollte dies nach mehreren Versuchen nicht m\u00f6glich sein, werden wir Ihnen helfen. <strong>zu Telefonnummern<\/strong> von <strong>Abschleppunternehmen<\/strong>, <strong>Wasserschutzpolizei<\/strong> oder <strong>KNRM<\/strong>. <strong>Abschleppkosten werden niemals von Boat Watch \u00fcbernommen<\/strong>. (...)<\/em><\/p>\n<p>Im Gegensatz dazu bietet Vaarzeker umfassendere Pakete an. Diese sind zwar teurer, aber hier wird Ihnen immer geholfen, auch wenn Sie auf dem Wasser Probleme haben. Denn seien wir ehrlich: Ein Motorschaden passiert nicht, wenn Sie sicher in Ihrer Box sitzen!<\/p>\n<h3>Eigene Mechaniker<\/h3>\n<p>Laut seiner Website arbeitet Boat Watch nur mit St\u00fctzpunkten zusammen. Auf der Homepage hei\u00dft es: \"Boat Watch verf\u00fcgt \u00fcber ein landesweites Netz von St\u00fctzpunkten, die Ihnen w\u00e4hrend der gesamten Bootssaison von 9 bis 21 Uhr zur Verf\u00fcgung stehen. Pannenhilfe 7 Tage die Woche!*\".<\/p>\n<p>Bei den St\u00fctzpunkten handelt es sich um lokale Wassersportunternehmen, die von der Bootswacht gegen eine Geb\u00fchr um Hilfe gebeten werden.<\/p>\n<p>Vaarzeker arbeitet nach einer anderen Methode. Zun\u00e4chst setzen wir unsere eigenen Mechaniker und Ger\u00e4te ein. Vaarzeker hat seine eigenen Boote, Servicefahrzeuge und Mechaniker im Einsatz. Dadurch wird sichergestellt, dass die Kunden eine bessere Unterst\u00fctzung erhalten, da die Mechaniker direkt f\u00fcr den Kunden arbeiten.<\/p>\n<p>Um Lastspitzen zu bew\u00e4ltigen und schnelle Hilfe in allen Teilen des Landes zu leisten, verf\u00fcgt Vaarzeker \u00fcber ein kleines Netz bew\u00e4hrter St\u00fctzpunkte. Die Zufriedenheit unserer Kunden hat f\u00fcr uns oberste Priorit\u00e4t, weshalb wir es vorziehen, selbst Hilfe zu leisten.<\/p>\n<p>&nbsp;<\/p>","protected":false},"excerpt":{"rendered":"<p>De Botenwacht De Botenwacht is een andere aanbieder van pechhulp voor boten die veel watersporters wel kennen. Zij biedt alleen hulp aan wanneer je vanaf de wal bereikbaar bent voor een monteur. De voorwaarden die de Botenwacht hiervoor hanteert verschillen op detail niveau van de voorwaarden die Vaarzeker hanteert voor haar instap pakket. De verschillen &hellip; <a href=\"https:\/\/www.vaarzeker.nl\/de\/vergleiche-bootswache\/\" class=\"more-link\">Lesen Sie weiter <span class=\"screen-reader-text\"><\/span> <span class=\"meta-nav\">\u2192<\/span><\/a><\/p>","protected":false},"author":7,"featured_media":0,"parent":0,"menu_order":0,"comment_status":"closed","ping_status":"closed","template":"sub-content.php","meta":{"_acf_changed":false,"content-type":"","_monsterinsights_skip_tracking":false,"_monsterinsights_sitenote_active":false,"_monsterinsights_sitenote_note":"","_monsterinsights_sitenote_category":0,"footnotes":""},"class_list":["post-3948","page","type-page","status-publish","hentry"],"acf":[],"yoast_head":"<!-- This site is optimized with the Yoast SEO plugin v27.5 - https:\/\/yoast.com\/product\/yoast-seo-wordpress\/ -->\n<title>- Vaarzeker<\/title>\n<meta name=\"description\" content=\"Hoe vergelijkt de Botenwacht met Vaarzeker? We zetten hier de verschillen en voor en nadelen uiteen.\" \/>\n<meta name=\"robots\" content=\"index, follow, max-snippet:-1, max-image-preview:large, max-video-preview:-1\" \/>\n<link rel=\"canonical\" href=\"https:\/\/www.vaarzeker.nl\/de\/vergleiche-bootswache\/\" \/>\n<meta property=\"og:locale\" content=\"de_DE\" \/>\n<meta property=\"og:type\" content=\"article\" \/>\n<meta property=\"og:title\" content=\"- Vaarzeker\" \/>\n<meta property=\"og:description\" content=\"Hoe vergelijkt de Botenwacht met Vaarzeker? We zetten hier de verschillen en voor en nadelen uiteen.\" \/>\n<meta property=\"og:url\" content=\"https:\/\/www.vaarzeker.nl\/de\/vergleiche-bootswache\/\" \/>\n<meta property=\"og:site_name\" content=\"Vaarzeker\" \/>\n<meta property=\"article:modified_time\" content=\"2025-06-22T19:02:34+00:00\" \/>\n<meta name=\"twitter:card\" content=\"summary_large_image\" \/>\n<meta name=\"twitter:label1\" content=\"Gesch\u00e4tzte Lesezeit\" \/>\n\t<meta name=\"twitter:data1\" content=\"3\u00a0Minuten\" \/>\n<script type=\"application\/ld+json\" class=\"yoast-schema-graph\">{\"@context\":\"https:\\\/\\\/schema.org\",\"@graph\":[{\"@type\":\"WebPage\",\"@id\":\"https:\\\/\\\/www.vaarzeker.nl\\\/botenwacht-vergelijken\\\/\",\"url\":\"https:\\\/\\\/www.vaarzeker.nl\\\/botenwacht-vergelijken\\\/\",\"name\":\"- Vaarzeker\",\"isPartOf\":{\"@id\":\"https:\\\/\\\/newforum.mod.audio\\\/en\\\/#website\"},\"datePublished\":\"2024-02-20T20:46:39+00:00\",\"dateModified\":\"2025-06-22T19:02:34+00:00\",\"description\":\"Hoe vergelijkt de Botenwacht met Vaarzeker? We zetten hier de verschillen en voor en nadelen uiteen.\",\"inLanguage\":\"de\",\"potentialAction\":[{\"@type\":\"ReadAction\",\"target\":[\"https:\\\/\\\/www.vaarzeker.nl\\\/botenwacht-vergelijken\\\/\"]}]},{\"@type\":\"WebSite\",\"@id\":\"https:\\\/\\\/newforum.mod.audio\\\/en\\\/#website\",\"url\":\"https:\\\/\\\/newforum.mod.audio\\\/en\\\/\",\"name\":\"Vaarzeker\",\"description\":\"Hulpverlening &amp; pechhulp\",\"publisher\":{\"@id\":\"https:\\\/\\\/newforum.mod.audio\\\/en\\\/#organization\"},\"potentialAction\":[{\"@type\":\"SearchAction\",\"target\":{\"@type\":\"EntryPoint\",\"urlTemplate\":\"https:\\\/\\\/newforum.mod.audio\\\/en\\\/?s={search_term_string}\"},\"query-input\":{\"@type\":\"PropertyValueSpecification\",\"valueRequired\":true,\"valueName\":\"search_term_string\"}}],\"inLanguage\":\"de\"},{\"@type\":\"Organization\",\"@id\":\"https:\\\/\\\/newforum.mod.audio\\\/en\\\/#organization\",\"name\":\"Vaarzeker\",\"url\":\"https:\\\/\\\/newforum.mod.audio\\\/en\\\/\",\"logo\":{\"@type\":\"ImageObject\",\"inLanguage\":\"de\",\"@id\":\"https:\\\/\\\/newforum.mod.audio\\\/en\\\/#\\\/schema\\\/logo\\\/image\\\/\",\"url\":\"https:\\\/\\\/www.vaarzeker.nl\\\/wp-content\\\/uploads\\\/2021\\\/05\\\/vaarzeker_fb.jpg\",\"contentUrl\":\"https:\\\/\\\/www.vaarzeker.nl\\\/wp-content\\\/uploads\\\/2021\\\/05\\\/vaarzeker_fb.jpg\",\"width\":988,\"height\":600,\"caption\":\"Vaarzeker\"},\"image\":{\"@id\":\"https:\\\/\\\/newforum.mod.audio\\\/en\\\/#\\\/schema\\\/logo\\\/image\\\/\"}}]}<\/script>\n<!-- \/ Yoast SEO plugin. -->","yoast_head_json":{"title":"- Sicher zu segeln","description":"Was ist der Unterschied zwischen Boatwatch und Vaarzeker? Wir stellen hier die Unterschiede sowie die Vor- und Nachteile dar.","robots":{"index":"index","follow":"follow","max-snippet":"max-snippet:-1","max-image-preview":"max-image-preview:large","max-video-preview":"max-video-preview:-1"},"canonical":"https:\/\/www.vaarzeker.nl\/de\/vergleiche-bootswache\/","og_locale":"de_DE","og_type":"article","og_title":"- Vaarzeker","og_description":"Hoe vergelijkt de Botenwacht met Vaarzeker? We zetten hier de verschillen en voor en nadelen uiteen.","og_url":"https:\/\/www.vaarzeker.nl\/de\/vergleiche-bootswache\/","og_site_name":"Vaarzeker","article_modified_time":"2025-06-22T19:02:34+00:00","twitter_card":"summary_large_image","twitter_misc":{"Gesch\u00e4tzte Lesezeit":"3\u00a0Minuten"},"schema":{"@context":"https:\/\/schema.org","@graph":[{"@type":"WebPage","@id":"https:\/\/www.vaarzeker.nl\/botenwacht-vergelijken\/","url":"https:\/\/www.vaarzeker.nl\/botenwacht-vergelijken\/","name":"- Sicher zu segeln","isPartOf":{"@id":"https:\/\/newforum.mod.audio\/en\/#website"},"datePublished":"2024-02-20T20:46:39+00:00","dateModified":"2025-06-22T19:02:34+00:00","description":"Was ist der Unterschied zwischen Boatwatch und Vaarzeker? Wir stellen hier die Unterschiede sowie die Vor- und Nachteile dar.","inLanguage":"de","potentialAction":[{"@type":"ReadAction","target":["https:\/\/www.vaarzeker.nl\/botenwacht-vergelijken\/"]}]},{"@type":"WebSite","@id":"https:\/\/newforum.mod.audio\/en\/#website","url":"https:\/\/newforum.mod.audio\/en\/","name":"Sicher zu segeln","description":"Hilfeleistung und Pannenhilfe","publisher":{"@id":"https:\/\/newforum.mod.audio\/en\/#organization"},"potentialAction":[{"@type":"SearchAction","target":{"@type":"EntryPoint","urlTemplate":"https:\/\/newforum.mod.audio\/en\/?s={search_term_string}"},"query-input":{"@type":"PropertyValueSpecification","valueRequired":true,"valueName":"search_term_string"}}],"inLanguage":"de"},{"@type":"Organization","@id":"https:\/\/newforum.mod.audio\/en\/#organization","name":"Sicher zu segeln","url":"https:\/\/newforum.mod.audio\/en\/","logo":{"@type":"ImageObject","inLanguage":"de","@id":"https:\/\/newforum.mod.audio\/en\/#\/schema\/logo\/image\/","url":"https:\/\/www.vaarzeker.nl\/wp-content\/uploads\/2021\/05\/vaarzeker_fb.jpg","contentUrl":"https:\/\/www.vaarzeker.nl\/wp-content\/uploads\/2021\/05\/vaarzeker_fb.jpg","width":988,"height":600,"caption":"Vaarzeker"},"image":{"@id":"https:\/\/newforum.mod.audio\/en\/#\/schema\/logo\/image\/"}}]}},"_links":{"self":[{"href":"https:\/\/www.vaarzeker.nl\/de\/wp-json\/wp\/v2\/pages\/3948","targetHints":{"allow":["GET"]}}],"collection":[{"href":"https:\/\/www.vaarzeker.nl\/de\/wp-json\/wp\/v2\/pages"}],"about":[{"href":"https:\/\/www.vaarzeker.nl\/de\/wp-json\/wp\/v2\/types\/page"}],"author":[{"embeddable":true,"href":"https:\/\/www.vaarzeker.nl\/de\/wp-json\/wp\/v2\/users\/7"}],"replies":[{"embeddable":true,"href":"https:\/\/www.vaarzeker.nl\/de\/wp-json\/wp\/v2\/comments?post=3948"}],"version-history":[{"count":5,"href":"https:\/\/www.vaarzeker.nl\/de\/wp-json\/wp\/v2\/pages\/3948\/revisions"}],"predecessor-version":[{"id":6628,"href":"https:\/\/www.vaarzeker.nl\/de\/wp-json\/wp\/v2\/pages\/3948\/revisions\/6628"}],"wp:attachment":[{"href":"https:\/\/www.vaarzeker.nl\/de\/wp-json\/wp\/v2\/media?parent=3948"}],"curies":[{"name":"wp","href":"https:\/\/api.w.org\/{rel}","templated":true}]}}