{"id":3750,"date":"2024-02-06T12:14:46","date_gmt":"2024-02-06T11:14:46","guid":{"rendered":"http:\/\/93.119.2.61\/~vaarzekerc\/?page_id=3251"},"modified":"2025-04-10T13:31:17","modified_gmt":"2025-04-10T11:31:17","slug":"vergleich-schiffsuhr-knrm","status":"publish","type":"page","link":"https:\/\/www.vaarzeker.nl\/de\/vergleich-schiffsuhr-knrm\/","title":{"rendered":"Vaarzeker vergleichen"},"content":{"rendered":"<p>Sie fragen sich, wie Vaarzeker im Vergleich zu anderen Anbietern abschneidet? Nachstehend finden Sie eine Liste der Gemeinsamkeiten und Unterschiede mit Erkl\u00e4rungen, damit Sie eine gute Wahl treffen k\u00f6nnen. Dr\u00fccken Sie das i-Symbol f\u00fcr weitere Erkl\u00e4rungen.<\/p>","protected":false},"excerpt":{"rendered":"<p>Sie fragen sich, wie Vaarzeker im Vergleich zu anderen Anbietern abschneidet? Nachstehend finden Sie eine Liste der Gemeinsamkeiten und Unterschiede mit Erkl\u00e4rungen, damit Sie eine gute Wahl treffen k\u00f6nnen. Dr\u00fccken Sie das i-Symbol f\u00fcr weitere Erkl\u00e4rungen.<\/p>","protected":false},"author":4,"featured_media":0,"parent":0,"menu_order":0,"comment_status":"closed","ping_status":"closed","template":"sub-vergelijking.php","meta":{"_acf_changed":false,"content-type":"","_monsterinsights_skip_tracking":false,"_monsterinsights_sitenote_active":false,"_monsterinsights_sitenote_note":"","_monsterinsights_sitenote_category":0,"footnotes":""},"class_list":["post-3750","page","type-page","status-publish","hentry"],"acf":[],"yoast_head":"<!-- This site is optimized with the Yoast SEO plugin v27.5 - https:\/\/yoast.com\/product\/yoast-seo-wordpress\/ -->\n<title>Vergelijk Vaarzeker - Vaarzeker<\/title>\n<meta name=\"description\" content=\"Hoe vergelijken de diensten van Vaarzeker met die van de Botenwacht of de KNRM? We hebben hier de verschillen op een rij gezet.\" \/>\n<meta name=\"robots\" content=\"index, follow, max-snippet:-1, max-image-preview:large, max-video-preview:-1\" \/>\n<link rel=\"canonical\" href=\"https:\/\/www.vaarzeker.nl\/de\/vergleich-schiffsuhr-knrm\/\" \/>\n<meta property=\"og:locale\" content=\"de_DE\" \/>\n<meta property=\"og:type\" content=\"article\" \/>\n<meta property=\"og:title\" content=\"Vergelijk Vaarzeker - Vaarzeker\" \/>\n<meta property=\"og:description\" content=\"Hoe vergelijken de diensten van Vaarzeker met die van de Botenwacht of de KNRM? We hebben hier de verschillen op een rij gezet.\" \/>\n<meta property=\"og:url\" content=\"https:\/\/www.vaarzeker.nl\/de\/vergleich-schiffsuhr-knrm\/\" \/>\n<meta property=\"og:site_name\" content=\"Vaarzeker\" \/>\n<meta property=\"article:modified_time\" content=\"2025-04-10T11:31:17+00:00\" \/>\n<meta name=\"twitter:card\" content=\"summary_large_image\" \/>\n<meta name=\"twitter:label1\" content=\"Gesch\u00e4tzte Lesezeit\" \/>\n\t<meta name=\"twitter:data1\" content=\"1\u00a0Minute\" \/>\n<script type=\"application\/ld+json\" class=\"yoast-schema-graph\">{\"@context\":\"https:\\\/\\\/schema.org\",\"@graph\":[{\"@type\":\"WebPage\",\"@id\":\"https:\\\/\\\/www.vaarzeker.nl\\\/vergelijken-botenwacht-knrm\\\/\",\"url\":\"https:\\\/\\\/www.vaarzeker.nl\\\/vergelijken-botenwacht-knrm\\\/\",\"name\":\"Vergelijk Vaarzeker - Vaarzeker\",\"isPartOf\":{\"@id\":\"https:\\\/\\\/newforum.mod.audio\\\/en\\\/#website\"},\"datePublished\":\"2024-02-06T11:14:46+00:00\",\"dateModified\":\"2025-04-10T11:31:17+00:00\",\"description\":\"Hoe vergelijken de diensten van Vaarzeker met die van de Botenwacht of de KNRM? We hebben hier de verschillen op een rij gezet.\",\"breadcrumb\":{\"@id\":\"https:\\\/\\\/www.vaarzeker.nl\\\/vergelijken-botenwacht-knrm\\\/#breadcrumb\"},\"inLanguage\":\"de\",\"potentialAction\":[{\"@type\":\"ReadAction\",\"target\":[\"https:\\\/\\\/www.vaarzeker.nl\\\/vergelijken-botenwacht-knrm\\\/\"]}]},{\"@type\":\"BreadcrumbList\",\"@id\":\"https:\\\/\\\/www.vaarzeker.nl\\\/vergelijken-botenwacht-knrm\\\/#breadcrumb\",\"itemListElement\":[{\"@type\":\"ListItem\",\"position\":1,\"name\":\"Home\",\"item\":\"https:\\\/\\\/www.vaarzeker.nl\\\/\"},{\"@type\":\"ListItem\",\"position\":2,\"name\":\"Vergelijk Vaarzeker\"}]},{\"@type\":\"WebSite\",\"@id\":\"https:\\\/\\\/newforum.mod.audio\\\/en\\\/#website\",\"url\":\"https:\\\/\\\/newforum.mod.audio\\\/en\\\/\",\"name\":\"Vaarzeker\",\"description\":\"Hulpverlening &amp; pechhulp\",\"publisher\":{\"@id\":\"https:\\\/\\\/newforum.mod.audio\\\/en\\\/#organization\"},\"potentialAction\":[{\"@type\":\"SearchAction\",\"target\":{\"@type\":\"EntryPoint\",\"urlTemplate\":\"https:\\\/\\\/newforum.mod.audio\\\/en\\\/?s={search_term_string}\"},\"query-input\":{\"@type\":\"PropertyValueSpecification\",\"valueRequired\":true,\"valueName\":\"search_term_string\"}}],\"inLanguage\":\"de\"},{\"@type\":\"Organization\",\"@id\":\"https:\\\/\\\/newforum.mod.audio\\\/en\\\/#organization\",\"name\":\"Vaarzeker\",\"url\":\"https:\\\/\\\/newforum.mod.audio\\\/en\\\/\",\"logo\":{\"@type\":\"ImageObject\",\"inLanguage\":\"de\",\"@id\":\"https:\\\/\\\/newforum.mod.audio\\\/en\\\/#\\\/schema\\\/logo\\\/image\\\/\",\"url\":\"https:\\\/\\\/www.vaarzeker.nl\\\/wp-content\\\/uploads\\\/2021\\\/05\\\/vaarzeker_fb.jpg\",\"contentUrl\":\"https:\\\/\\\/www.vaarzeker.nl\\\/wp-content\\\/uploads\\\/2021\\\/05\\\/vaarzeker_fb.jpg\",\"width\":988,\"height\":600,\"caption\":\"Vaarzeker\"},\"image\":{\"@id\":\"https:\\\/\\\/newforum.mod.audio\\\/en\\\/#\\\/schema\\\/logo\\\/image\\\/\"}}]}<\/script>\n<!-- \/ Yoast SEO plugin. -->","yoast_head_json":{"title":"Vaarzeker vergleichen - Vaarzeker","description":"Wie unterscheiden sich die Leistungen von Vaarzeker von denen von Boatwatch oder KNRM? Wir haben die Unterschiede hier aufgelistet.","robots":{"index":"index","follow":"follow","max-snippet":"max-snippet:-1","max-image-preview":"max-image-preview:large","max-video-preview":"max-video-preview:-1"},"canonical":"https:\/\/www.vaarzeker.nl\/de\/vergleich-schiffsuhr-knrm\/","og_locale":"de_DE","og_type":"article","og_title":"Vergelijk Vaarzeker - Vaarzeker","og_description":"Hoe vergelijken de diensten van Vaarzeker met die van de Botenwacht of de KNRM? We hebben hier de verschillen op een rij gezet.","og_url":"https:\/\/www.vaarzeker.nl\/de\/vergleich-schiffsuhr-knrm\/","og_site_name":"Vaarzeker","article_modified_time":"2025-04-10T11:31:17+00:00","twitter_card":"summary_large_image","twitter_misc":{"Gesch\u00e4tzte Lesezeit":"1\u00a0Minute"},"schema":{"@context":"https:\/\/schema.org","@graph":[{"@type":"WebPage","@id":"https:\/\/www.vaarzeker.nl\/vergelijken-botenwacht-knrm\/","url":"https:\/\/www.vaarzeker.nl\/vergelijken-botenwacht-knrm\/","name":"Vaarzeker vergleichen - Vaarzeker","isPartOf":{"@id":"https:\/\/newforum.mod.audio\/en\/#website"},"datePublished":"2024-02-06T11:14:46+00:00","dateModified":"2025-04-10T11:31:17+00:00","description":"Wie unterscheiden sich die Leistungen von Vaarzeker von denen von Boatwatch oder KNRM? Wir haben die Unterschiede hier aufgelistet.","breadcrumb":{"@id":"https:\/\/www.vaarzeker.nl\/vergelijken-botenwacht-knrm\/#breadcrumb"},"inLanguage":"de","potentialAction":[{"@type":"ReadAction","target":["https:\/\/www.vaarzeker.nl\/vergelijken-botenwacht-knrm\/"]}]},{"@type":"BreadcrumbList","@id":"https:\/\/www.vaarzeker.nl\/vergelijken-botenwacht-knrm\/#breadcrumb","itemListElement":[{"@type":"ListItem","position":1,"name":"Home","item":"https:\/\/www.vaarzeker.nl\/"},{"@type":"ListItem","position":2,"name":"Vergelijk Vaarzeker"}]},{"@type":"WebSite","@id":"https:\/\/newforum.mod.audio\/en\/#website","url":"https:\/\/newforum.mod.audio\/en\/","name":"Sicher zu segeln","description":"Hilfeleistung und Pannenhilfe","publisher":{"@id":"https:\/\/newforum.mod.audio\/en\/#organization"},"potentialAction":[{"@type":"SearchAction","target":{"@type":"EntryPoint","urlTemplate":"https:\/\/newforum.mod.audio\/en\/?s={search_term_string}"},"query-input":{"@type":"PropertyValueSpecification","valueRequired":true,"valueName":"search_term_string"}}],"inLanguage":"de"},{"@type":"Organization","@id":"https:\/\/newforum.mod.audio\/en\/#organization","name":"Sicher zu segeln","url":"https:\/\/newforum.mod.audio\/en\/","logo":{"@type":"ImageObject","inLanguage":"de","@id":"https:\/\/newforum.mod.audio\/en\/#\/schema\/logo\/image\/","url":"https:\/\/www.vaarzeker.nl\/wp-content\/uploads\/2021\/05\/vaarzeker_fb.jpg","contentUrl":"https:\/\/www.vaarzeker.nl\/wp-content\/uploads\/2021\/05\/vaarzeker_fb.jpg","width":988,"height":600,"caption":"Vaarzeker"},"image":{"@id":"https:\/\/newforum.mod.audio\/en\/#\/schema\/logo\/image\/"}}]}},"_links":{"self":[{"href":"https:\/\/www.vaarzeker.nl\/de\/wp-json\/wp\/v2\/pages\/3750","targetHints":{"allow":["GET"]}}],"collection":[{"href":"https:\/\/www.vaarzeker.nl\/de\/wp-json\/wp\/v2\/pages"}],"about":[{"href":"https:\/\/www.vaarzeker.nl\/de\/wp-json\/wp\/v2\/types\/page"}],"author":[{"embeddable":true,"href":"https:\/\/www.vaarzeker.nl\/de\/wp-json\/wp\/v2\/users\/4"}],"replies":[{"embeddable":true,"href":"https:\/\/www.vaarzeker.nl\/de\/wp-json\/wp\/v2\/comments?post=3750"}],"version-history":[{"count":7,"href":"https:\/\/www.vaarzeker.nl\/de\/wp-json\/wp\/v2\/pages\/3750\/revisions"}],"predecessor-version":[{"id":6022,"href":"https:\/\/www.vaarzeker.nl\/de\/wp-json\/wp\/v2\/pages\/3750\/revisions\/6022"}],"wp:attachment":[{"href":"https:\/\/www.vaarzeker.nl\/de\/wp-json\/wp\/v2\/media?parent=3750"}],"curies":[{"name":"wp","href":"https:\/\/api.w.org\/{rel}","templated":true}]}}