{"id":2070,"date":"2023-04-13T09:35:01","date_gmt":"2023-04-13T07:35:01","guid":{"rendered":"https:\/\/www.vaarzeker.nl\/?page_id=2070"},"modified":"2024-02-21T09:33:53","modified_gmt":"2024-02-21T08:33:53","slug":"uber-uns","status":"publish","type":"page","link":"https:\/\/www.vaarzeker.nl\/de\/uber-uns\/","title":{"rendered":"\u00dcber uns"},"content":{"rendered":"<h3>\u00dcber uns<\/h3>\n<p>Vaarzeker wurde 2020 mit dem Ziel gegr\u00fcndet, Ihre Bootstour zu \"retten\". Wir tun dies 7 Tage pro Woche vom Land oder auf offenem Wasser, in den ganzen Niederlanden. Wir tun dies ausschlie\u00dflich f\u00fcr Mitglieder, mit dem Paket, das zu Ihnen passt und ohne zus\u00e4tzliche Kosten. Jeden Tag sahen wir viele Probleme, die Menschen daran hinderten, weiter zu segeln, trotz guter Vorbereitung und j\u00e4hrlicher Motorwartung. Das f\u00fchrte dazu, dass viele Wassersportler ihren Bootsurlaub und ihre Segelt\u00f6rns buchst\u00e4blich und bildlich ins Wasser fallen sahen. Von Land aus sahen wir lange Wartezeiten, manchmal bis zu drei Wochen! Hilfe vom offenen Wasser aus war meist unm\u00f6glich. Seit der Gr\u00fcndung von Vaarzeker geh\u00f6rt dies der Vergangenheit an! Vaarzeker verf\u00fcgt \u00fcber eine eigene Notrufzentrale, einen eigenen mobilen Rettungsdienst, ein ''wasserdichtes'', erfahrenes Rettungsteam und ein gro\u00dfes Ersatzteillager.<\/p>\n<p>Um all diese Hilfe kostenlos zu erhalten, ist es jedoch wichtig, Mitglied zu sein. Wie sch\u00f6n ist es doch, seinen wertvollen Besitz sorglos segeln zu k\u00f6nnen und bei Problemen zu einem Festpreis und ohne zus\u00e4tzliche Kosten Hilfe zu erhalten. Segeln Sie auf jeden Fall, und melden Sie sich bald an!<\/p>\n<h3>Unbeschwertes Bootfahren und eigene Notrufzentrale f\u00fcr Mitglieder<\/h3>\n<p>Unserer Erfahrung nach hat jeder Wassersportler irgendwann einmal Probleme mit seinem Boot, das passiert leider fr\u00fcher oder sp\u00e4ter. In den meisten F\u00e4llen k\u00f6nnen Sie dann nicht mehr weitersegeln. Jeden Tag erhalten wir viele verschiedene Arten von Hilfeersuchen. In der Regel handelt es sich um Probleme mit dem Motor oder der Steuerung, um Treibenlassen, einen Gegenstand im Propeller (Tau, Segel, M\u00fcll, Wasserpflanzen) oder um das Feststecken in einem flachen Gew\u00e4sser. Wenn die Mitglieder unsere Notrufzentrale anrufen, sprechen sie immer direkt mit einem Nothelfer. Sie erhalten nicht erst eine Speisekarte oder werden in eine endlose Warteschleife gestellt. Wir schicken Ihnen sofort die richtige Hilfe, damit Sie weitersegeln k\u00f6nnen. Wenn Sie nicht Mitglied bei Vaarzeker sind, bedeutet das in der Regel das Ende Ihres T\u00f6rns oder Ihres Bootsurlaubs, und das will nat\u00fcrlich niemand!<\/p>\n<h3>Einzigartig in den Niederlanden und kostenlose Hilfe<\/h3>\n<p>Die von Vaarzeker angebotenen Abonnements sind einzigartig in den Niederlanden. Wir bieten eine Kombination von Dienstleistungen, die sowohl <span style=\"color: #ff6600;\"><a style=\"color: #ff6600;\" href=\"https:\/\/www.vaarzeker.nl\/de\/abonnements\/unterstutzung-abgeschlossen\/\" target=\"_blank\" rel=\"noopener\">sowohl vom Ufer als auch auf offenem Wasser<\/a> <\/span>von uns angeboten. Keine andere Partei in den Niederlanden bietet dies an. Zusammen mit dem Watersportverbond haben wir sogar ein einzigartiges Paket entwickelt.<\/p>\n<h3>Wussten Sie, dass die meisten Ausf\u00e4lle beim Segeln auf offenem Wasser auftreten?<\/h3>\n<p>Bei allen anderen Anbietern von Pannenhilfe muss das Boot am Kai\/an der K\u00fcste liegen, um Hilfe zu erhalten. Dies f\u00fchrt oft dazu, dass ein teures Abschleppboot organisiert werden muss und man lange auf Hilfe warten muss. Das Flaggschiff-Paket von Vaarzeker ist 'Assistance Complete inklusive Pannenhilfe'. Mit diesem Komplettpaket segeln Sie f\u00fcr einen festen Betrag pro Monat sorglos auf dem Wasser. Sicheres Segeln mit Ihrer Familie, keine finanziellen Sorgen und keine b\u00f6sen \u00dcberraschungen hinterher!<\/p>\n<h3>Nachhaltig<\/h3>\n<p>Die Rettungsboote von Vaarzeker werden auf vielen verschiedenen Gew\u00e4ssern eingesetzt, darunter auch auf Gew\u00e4ssern, die zu Natura 2000-Gebieten geh\u00f6ren. Unsere Rettungsboote sind speziell mit schadstoffarmen Motoren ausgestattet. Das bedeutet, dass die Bootsmotoren die h\u00f6chsten europ\u00e4ischen Umweltschutzanforderungen (013\/53\/EU) erf\u00fcllen. Dies gew\u00e4hrleistet geringstm\u00f6gliche Emissionen und Auswirkungen auf Flora und Fauna w\u00e4hrend der Hilfseins\u00e4tze.<\/p>\n<h3>\u00dcbersichtliches Versorgungsgebiet mit erfahrenen Einsatzkr\u00e4ften<\/h3>\n<p>Vaarzeker verf\u00fcgt \u00fcber ein landesweites Netzwerk mit vielen verschiedenen eigenen Hilfsbooten, St\u00fctzpunkten und Servicestellen. Wir verwenden haupts\u00e4chlich unsere eigenen zuverl\u00e4ssigen Mechaniker und professionelle Ausr\u00fcstung. Die <a href=\"https:\/\/www.vaarzeker.nl\/de\/erfassungsbereich\/\" target=\"_blank\" rel=\"noopener\"><span style=\"color: #ff6600;\">Erfassungsbereich<\/span><\/a> ist klar und einfach und h\u00e4ngt von dem gew\u00e4hlten Paket ab. Wir bieten zum Beispiel auch Hilfe auf dem IJsselmeer und den Randmeren an.<\/p>\n<p>Erfahrene Berater, die Sie nicht im Regen stehen lassen. Zu einem festen Preis, ohne weitere finanzielle \u00dcberraschungen. Das ist Vaarzeker.<\/p>","protected":false},"excerpt":{"rendered":"<p>\u00dcber uns Vaarzeker wurde 2020 mit dem Ziel gegr\u00fcndet, Ihre Bootstour zu \"retten\". Wir tun dies 7 Tage pro Woche vom Land oder auf offenem Wasser, in den gesamten Niederlanden. Wir tun dies exklusiv f\u00fcr Mitglieder, mit dem Paket, das zu Ihnen passt und ohne zus\u00e4tzliche Kosten. Wir s\u00e4gen t\u00e4glich ... <a href=\"https:\/\/www.vaarzeker.nl\/de\/uber-uns\/\" class=\"more-link\">Lesen Sie weiter <span class=\"screen-reader-text\">\u00dcber uns<\/span> <span class=\"meta-nav\">\u2192<\/span><\/a><\/p>","protected":false},"author":4,"featured_media":541,"parent":0,"menu_order":0,"comment_status":"closed","ping_status":"closed","template":"sub-overons.php","meta":{"_acf_changed":false,"content-type":"","_monsterinsights_skip_tracking":false,"_monsterinsights_sitenote_active":false,"_monsterinsights_sitenote_note":"","_monsterinsights_sitenote_category":0,"footnotes":""},"class_list":["post-2070","page","type-page","status-publish","has-post-thumbnail","hentry"],"acf":[],"yoast_head":"<!-- This site is optimized with the Yoast SEO plugin v27.6 - https:\/\/yoast.com\/product\/yoast-seo-wordpress\/ -->\n<title>Over ons - Vaarzeker<\/title>\n<meta name=\"robots\" content=\"index, follow, max-snippet:-1, max-image-preview:large, max-video-preview:-1\" \/>\n<link rel=\"canonical\" href=\"https:\/\/www.vaarzeker.nl\/de\/uber-uns\/\" \/>\n<meta property=\"og:locale\" content=\"de_DE\" \/>\n<meta property=\"og:type\" content=\"article\" \/>\n<meta property=\"og:title\" content=\"Over ons - Vaarzeker\" \/>\n<meta property=\"og:description\" content=\"Over ons Vaarzeker is opgericht in 2020 met als doel: het \u201credden\u201d van uw vaartocht. Dit doen wij 7 dagen per week vanaf de wal of op open water, in heel Nederland. Wij doen dit exclusief voor leden, met het pakket dat bij u past en zonder hiervoor extra kosten te rekenen. Wij zagen dagelijks &hellip; Continue reading Over ons &rarr;\" \/>\n<meta property=\"og:url\" content=\"https:\/\/www.vaarzeker.nl\/de\/uber-uns\/\" \/>\n<meta property=\"og:site_name\" content=\"Vaarzeker\" \/>\n<meta property=\"article:modified_time\" content=\"2024-02-21T08:33:53+00:00\" \/>\n<meta property=\"og:image\" content=\"https:\/\/www.vaarzeker.nl\/wp-content\/uploads\/2021\/03\/header-afb.jpg\" \/>\n\t<meta property=\"og:image:width\" content=\"1920\" \/>\n\t<meta property=\"og:image:height\" content=\"798\" \/>\n\t<meta property=\"og:image:type\" content=\"image\/jpeg\" \/>\n<meta name=\"twitter:card\" content=\"summary_large_image\" \/>\n<meta name=\"twitter:label1\" content=\"Gesch\u00e4tzte Lesezeit\" \/>\n\t<meta name=\"twitter:data1\" content=\"4\u00a0Minuten\" \/>\n<script type=\"application\/ld+json\" class=\"yoast-schema-graph\">{\"@context\":\"https:\\\/\\\/schema.org\",\"@graph\":[{\"@type\":\"WebPage\",\"@id\":\"https:\\\/\\\/www.vaarzeker.nl\\\/over-ons\\\/\",\"url\":\"https:\\\/\\\/www.vaarzeker.nl\\\/over-ons\\\/\",\"name\":\"Over ons - Vaarzeker\",\"isPartOf\":{\"@id\":\"https:\\\/\\\/newforum.mod.audio\\\/en\\\/#website\"},\"primaryImageOfPage\":{\"@id\":\"https:\\\/\\\/www.vaarzeker.nl\\\/over-ons\\\/#primaryimage\"},\"image\":{\"@id\":\"https:\\\/\\\/www.vaarzeker.nl\\\/over-ons\\\/#primaryimage\"},\"thumbnailUrl\":\"https:\\\/\\\/www.vaarzeker.nl\\\/wp-content\\\/uploads\\\/2021\\\/03\\\/header-afb.jpg\",\"datePublished\":\"2023-04-13T07:35:01+00:00\",\"dateModified\":\"2024-02-21T08:33:53+00:00\",\"breadcrumb\":{\"@id\":\"https:\\\/\\\/www.vaarzeker.nl\\\/over-ons\\\/#breadcrumb\"},\"inLanguage\":\"de\",\"potentialAction\":[{\"@type\":\"ReadAction\",\"target\":[\"https:\\\/\\\/www.vaarzeker.nl\\\/over-ons\\\/\"]}]},{\"@type\":\"ImageObject\",\"inLanguage\":\"de\",\"@id\":\"https:\\\/\\\/www.vaarzeker.nl\\\/over-ons\\\/#primaryimage\",\"url\":\"https:\\\/\\\/www.vaarzeker.nl\\\/wp-content\\\/uploads\\\/2021\\\/03\\\/header-afb.jpg\",\"contentUrl\":\"https:\\\/\\\/www.vaarzeker.nl\\\/wp-content\\\/uploads\\\/2021\\\/03\\\/header-afb.jpg\",\"width\":1920,\"height\":798},{\"@type\":\"BreadcrumbList\",\"@id\":\"https:\\\/\\\/www.vaarzeker.nl\\\/over-ons\\\/#breadcrumb\",\"itemListElement\":[{\"@type\":\"ListItem\",\"position\":1,\"name\":\"Home\",\"item\":\"https:\\\/\\\/www.vaarzeker.nl\\\/\"},{\"@type\":\"ListItem\",\"position\":2,\"name\":\"Over ons\"}]},{\"@type\":\"WebSite\",\"@id\":\"https:\\\/\\\/newforum.mod.audio\\\/en\\\/#website\",\"url\":\"https:\\\/\\\/newforum.mod.audio\\\/en\\\/\",\"name\":\"Vaarzeker\",\"description\":\"Hulpverlening &amp; pechhulp\",\"publisher\":{\"@id\":\"https:\\\/\\\/newforum.mod.audio\\\/en\\\/#organization\"},\"potentialAction\":[{\"@type\":\"SearchAction\",\"target\":{\"@type\":\"EntryPoint\",\"urlTemplate\":\"https:\\\/\\\/newforum.mod.audio\\\/en\\\/?s={search_term_string}\"},\"query-input\":{\"@type\":\"PropertyValueSpecification\",\"valueRequired\":true,\"valueName\":\"search_term_string\"}}],\"inLanguage\":\"de\"},{\"@type\":\"Organization\",\"@id\":\"https:\\\/\\\/newforum.mod.audio\\\/en\\\/#organization\",\"name\":\"Vaarzeker\",\"url\":\"https:\\\/\\\/newforum.mod.audio\\\/en\\\/\",\"logo\":{\"@type\":\"ImageObject\",\"inLanguage\":\"de\",\"@id\":\"https:\\\/\\\/newforum.mod.audio\\\/en\\\/#\\\/schema\\\/logo\\\/image\\\/\",\"url\":\"https:\\\/\\\/www.vaarzeker.nl\\\/wp-content\\\/uploads\\\/2021\\\/05\\\/vaarzeker_fb.jpg\",\"contentUrl\":\"https:\\\/\\\/www.vaarzeker.nl\\\/wp-content\\\/uploads\\\/2021\\\/05\\\/vaarzeker_fb.jpg\",\"width\":988,\"height\":600,\"caption\":\"Vaarzeker\"},\"image\":{\"@id\":\"https:\\\/\\\/newforum.mod.audio\\\/en\\\/#\\\/schema\\\/logo\\\/image\\\/\"}}]}<\/script>\n<!-- \/ Yoast SEO plugin. -->","yoast_head_json":{"title":"\u00dcber uns - Vaarzeker","robots":{"index":"index","follow":"follow","max-snippet":"max-snippet:-1","max-image-preview":"max-image-preview:large","max-video-preview":"max-video-preview:-1"},"canonical":"https:\/\/www.vaarzeker.nl\/de\/uber-uns\/","og_locale":"de_DE","og_type":"article","og_title":"Over ons - Vaarzeker","og_description":"Over ons Vaarzeker is opgericht in 2020 met als doel: het \u201credden\u201d van uw vaartocht. Dit doen wij 7 dagen per week vanaf de wal of op open water, in heel Nederland. Wij doen dit exclusief voor leden, met het pakket dat bij u past en zonder hiervoor extra kosten te rekenen. Wij zagen dagelijks &hellip; Continue reading Over ons &rarr;","og_url":"https:\/\/www.vaarzeker.nl\/de\/uber-uns\/","og_site_name":"Vaarzeker","article_modified_time":"2024-02-21T08:33:53+00:00","og_image":[{"width":1920,"height":798,"url":"https:\/\/www.vaarzeker.nl\/wp-content\/uploads\/2021\/03\/header-afb.jpg","type":"image\/jpeg"}],"twitter_card":"summary_large_image","twitter_misc":{"Gesch\u00e4tzte Lesezeit":"4\u00a0Minuten"},"schema":{"@context":"https:\/\/schema.org","@graph":[{"@type":"WebPage","@id":"https:\/\/www.vaarzeker.nl\/over-ons\/","url":"https:\/\/www.vaarzeker.nl\/over-ons\/","name":"\u00dcber uns - Vaarzeker","isPartOf":{"@id":"https:\/\/newforum.mod.audio\/en\/#website"},"primaryImageOfPage":{"@id":"https:\/\/www.vaarzeker.nl\/over-ons\/#primaryimage"},"image":{"@id":"https:\/\/www.vaarzeker.nl\/over-ons\/#primaryimage"},"thumbnailUrl":"https:\/\/www.vaarzeker.nl\/wp-content\/uploads\/2021\/03\/header-afb.jpg","datePublished":"2023-04-13T07:35:01+00:00","dateModified":"2024-02-21T08:33:53+00:00","breadcrumb":{"@id":"https:\/\/www.vaarzeker.nl\/over-ons\/#breadcrumb"},"inLanguage":"de","potentialAction":[{"@type":"ReadAction","target":["https:\/\/www.vaarzeker.nl\/over-ons\/"]}]},{"@type":"ImageObject","inLanguage":"de","@id":"https:\/\/www.vaarzeker.nl\/over-ons\/#primaryimage","url":"https:\/\/www.vaarzeker.nl\/wp-content\/uploads\/2021\/03\/header-afb.jpg","contentUrl":"https:\/\/www.vaarzeker.nl\/wp-content\/uploads\/2021\/03\/header-afb.jpg","width":1920,"height":798},{"@type":"BreadcrumbList","@id":"https:\/\/www.vaarzeker.nl\/over-ons\/#breadcrumb","itemListElement":[{"@type":"ListItem","position":1,"name":"Home","item":"https:\/\/www.vaarzeker.nl\/"},{"@type":"ListItem","position":2,"name":"Over ons"}]},{"@type":"WebSite","@id":"https:\/\/newforum.mod.audio\/en\/#website","url":"https:\/\/newforum.mod.audio\/en\/","name":"Sicher zu segeln","description":"Hilfeleistung und Pannenhilfe","publisher":{"@id":"https:\/\/newforum.mod.audio\/en\/#organization"},"potentialAction":[{"@type":"SearchAction","target":{"@type":"EntryPoint","urlTemplate":"https:\/\/newforum.mod.audio\/en\/?s={search_term_string}"},"query-input":{"@type":"PropertyValueSpecification","valueRequired":true,"valueName":"search_term_string"}}],"inLanguage":"de"},{"@type":"Organization","@id":"https:\/\/newforum.mod.audio\/en\/#organization","name":"Sicher zu segeln","url":"https:\/\/newforum.mod.audio\/en\/","logo":{"@type":"ImageObject","inLanguage":"de","@id":"https:\/\/newforum.mod.audio\/en\/#\/schema\/logo\/image\/","url":"https:\/\/www.vaarzeker.nl\/wp-content\/uploads\/2021\/05\/vaarzeker_fb.jpg","contentUrl":"https:\/\/www.vaarzeker.nl\/wp-content\/uploads\/2021\/05\/vaarzeker_fb.jpg","width":988,"height":600,"caption":"Vaarzeker"},"image":{"@id":"https:\/\/newforum.mod.audio\/en\/#\/schema\/logo\/image\/"}}]}},"_links":{"self":[{"href":"https:\/\/www.vaarzeker.nl\/de\/wp-json\/wp\/v2\/pages\/2070","targetHints":{"allow":["GET"]}}],"collection":[{"href":"https:\/\/www.vaarzeker.nl\/de\/wp-json\/wp\/v2\/pages"}],"about":[{"href":"https:\/\/www.vaarzeker.nl\/de\/wp-json\/wp\/v2\/types\/page"}],"author":[{"embeddable":true,"href":"https:\/\/www.vaarzeker.nl\/de\/wp-json\/wp\/v2\/users\/4"}],"replies":[{"embeddable":true,"href":"https:\/\/www.vaarzeker.nl\/de\/wp-json\/wp\/v2\/comments?post=2070"}],"version-history":[{"count":2,"href":"https:\/\/www.vaarzeker.nl\/de\/wp-json\/wp\/v2\/pages\/2070\/revisions"}],"predecessor-version":[{"id":4078,"href":"https:\/\/www.vaarzeker.nl\/de\/wp-json\/wp\/v2\/pages\/2070\/revisions\/4078"}],"wp:featuredmedia":[{"embeddable":true,"href":"https:\/\/www.vaarzeker.nl\/de\/wp-json\/wp\/v2\/media\/541"}],"wp:attachment":[{"href":"https:\/\/www.vaarzeker.nl\/de\/wp-json\/wp\/v2\/media?parent=2070"}],"curies":[{"name":"wp","href":"https:\/\/api.w.org\/{rel}","templated":true}]}}