{"id":1007,"date":"2022-03-24T14:36:38","date_gmt":"2022-03-24T13:36:38","guid":{"rendered":"https:\/\/www.vaarzeker.nl\/?page_id=1007"},"modified":"2025-09-17T16:56:32","modified_gmt":"2025-09-17T14:56:32","slug":"bootswache","status":"publish","type":"page","link":"https:\/\/www.vaarzeker.nl\/de\/bootswache\/","title":{"rendered":"Boot-Wache"},"content":{"rendered":"<p style=\"text-align: left;\">Boat Watch ist ein weiterer Anbieter von Pannenhilfe f\u00fcr Boote, der vielen Wassersportlern bekannt ist. Er bietet nur dann Hilfe an, wenn Sie von Land aus f\u00fcr einen Mechaniker erreichbar sind. Die Bedingungen, die Boat Watch daf\u00fcr verwendet, \u00e4hneln weitgehend den Bedingungen von Vaarzeker f\u00fcr das g\u00fcnstigste Paket.<\/p>\n<h2 style=\"text-align: left;\">Die Unterschiede<\/h2>\n<p style=\"text-align: left;\">Boatwatch gibt es schon l\u00e4nger als Vaarzeker und ist daher mehr Menschen bekannt. Aber was genau sind die Unterschiede?<\/p>\n<h3 style=\"text-align: left;\">Bewertungen Bootswache und Sicherheit beim Segeln<\/h3>\n<p style=\"text-align: left;\">Um zu sehen, was die Kunden \u00fcber beide Anbieter sagen, schauen wir uns hier die Bewertungen auf Google Maps an. Boatwatch kommt hier auf 4,3 von 5 Sternen bei 104 Bewertungen. Vaarzeker schneidet mit 4,8 von 5 Sternen und 125 Bewertungen deutlich besser ab.<\/p>\n<h3 style=\"text-align: left;\">Preis<\/h3>\n<p style=\"text-align: left;\">Boatwatch verlangt f\u00fcr seine Pannenhilfe einen Preis von 93,50 Euro pro Jahr. Vaarzeker bietet sein Pannenhilfepaket g\u00fcnstiger an, n\u00e4mlich <span style=\"color: #ff6600;\"><a style=\"color: #ff6600;\" href=\"https:\/\/www.vaarzeker.nl\/de\/abonnements\/pannenhilfe\/\" target=\"_blank\" rel=\"noopener\">79 Euro pro Jahr.<\/a><\/span><\/p>\n<h3 style=\"text-align: left;\">Dienstleistungen<\/h3>\n<p style=\"text-align: left;\">Das Pannenhilfepaket von Vaarzeker \u00e4hnelt weitgehend den Leistungen von Boatwatch. Was aber, wenn Sie vom Ufer aus nicht erreichbar sind? In den Allgemeinen Gesch\u00e4ftsbedingungen von Boatwatch steht dazu Folgendes:<br \/>\n<em><strong>Artikel 10) Wo besteht das Recht auf Beistand?<\/strong><strong><br \/>\n<\/strong>(...) Das Schiff sollte f\u00fcr den Bootsmann, dessen Hilfe angefordert wird, erreichbar sein. Dabei ist davon auszugehen, dass die St\u00fctzpunkte angesichts der Geschwindigkeit, mit der sie Entfernungen zur\u00fccklegen m\u00fcssen, mit dem Auto unterwegs sind. Wenn Sie sich mitten im Wasser befinden, werden wir zun\u00e4chst immer einen anderen Wassersportler bitten, Sie an Land zu ziehen. Sollte dies nach mehreren Versuchen nicht m\u00f6glich sein, werden wir Ihnen helfen. <strong>zu Telefonnummern<\/strong> von <strong>Abschleppunternehmen<\/strong>, <strong>Wasserschutzpolizei<\/strong> oder <strong>KNRM<\/strong>. <strong>Abschleppkosten werden niemals von Boat Watch \u00fcbernommen<\/strong>. (...)<\/em><\/p>\n<p style=\"text-align: left;\">Vaarzeker hingegen bietet <span style=\"color: #ff6600;\"><a style=\"color: #ff6600;\" href=\"https:\/\/www.vaarzeker.nl\/de\/abonnements\/unterstutzung-abgeschlossen\/\" target=\"_blank\" rel=\"noopener\">umfangreichere Pakete<\/a><\/span> zu. Das wird Ihnen immer helfen, auch wenn Sie auf dem Wasser Probleme bekommen. Denn seien wir ehrlich: Ein Motorausfall passiert nicht, wenn Sie sicher in Ihrer Box sitzen!<\/p>\n<h3 style=\"text-align: left;\"><a href=\"http:\/\/www.botenwacht.nl\" target=\"_blank\" rel=\"noopener\">Eigene Mechaniker<\/a><\/h3>\n<p style=\"text-align: left;\">Die Boat Watch arbeitet laut ihrer Website <em>nur<\/em> mit <span style=\"color: #002e5c;\">St\u00fctzpunkte.<\/span> Auf ihrer Homepage steht: <em>\"Boat Watch verf\u00fcgt \u00fcber ein landesweites Netz von St\u00fctzpunkten, die Ihnen w\u00e4hrend der gesamten Bootssaison von 9 bis 21 Uhr zur Verf\u00fcgung stehen. Pannenhilfe 7 Tage die Woche!*\".<\/em><\/p>\n<p style=\"text-align: left;\">Bei den St\u00fctzpunkten handelt es sich um lokale Wassersportunternehmen, die von der Bootswacht gegen eine Geb\u00fchr um Hilfe gebeten werden.<\/p>\n<p style=\"text-align: left;\">Vaarzeker arbeitet nach einer anderen Methode. Zun\u00e4chst setzen wir unsere eigenen Mechaniker und Ger\u00e4te ein. Vaarzeker hat seine eigenen Boote, Servicefahrzeuge und Mechaniker im Einsatz. Dadurch wird sichergestellt, dass die Kunden eine bessere Unterst\u00fctzung erhalten, da die Mechaniker direkt f\u00fcr den Kunden arbeiten.<\/p>\n<p style=\"text-align: left;\">Um die Hauptverkehrszeiten zu bew\u00e4ltigen und schnelle Hilfe in allen Teilen des Landes zu leisten, verf\u00fcgt Vaarzeker \u00fcber ein kleines, zuverl\u00e4ssiges Netz von bew\u00e4hrten St\u00fctzpunkten. Die Zufriedenheit unserer Kunden hat f\u00fcr uns oberste Priorit\u00e4t, weshalb wir es vorziehen, selbst Hilfe zu leisten.<\/p>","protected":false},"excerpt":{"rendered":"<p>Boat Watch ist ein weiterer Anbieter von Pannenhilfe f\u00fcr Boote, der vielen Wassersportlern bekannt ist. Er bietet nur dann Hilfe an, wenn Sie von Land aus f\u00fcr einen Mechaniker erreichbar sind. Die Bedingungen, die Boat Watch daf\u00fcr verwendet, \u00e4hneln im Gro\u00dfen und Ganzen den Bedingungen von Vaarzeker f\u00fcr das g\u00fcnstigste Paket. Die Unterschiede The Boat Watch ... <a href=\"https:\/\/www.vaarzeker.nl\/de\/bootswache\/\" class=\"more-link\">Lesen Sie weiter <span class=\"screen-reader-text\">Boot-Wache<\/span> <span class=\"meta-nav\">\u2192<\/span><\/a><\/p>","protected":false},"author":7,"featured_media":4107,"parent":0,"menu_order":0,"comment_status":"closed","ping_status":"closed","template":"sub-content.php","meta":{"_acf_changed":false,"content-type":"","_monsterinsights_skip_tracking":false,"_monsterinsights_sitenote_active":false,"_monsterinsights_sitenote_note":"","_monsterinsights_sitenote_category":0,"footnotes":""},"class_list":["post-1007","page","type-page","status-publish","has-post-thumbnail","hentry"],"acf":[],"yoast_head":"<!-- This site is optimized with the Yoast SEO plugin v27.6 - https:\/\/yoast.com\/product\/yoast-seo-wordpress\/ -->\n<title>Botenwacht: onbezorgd varen voor een vaste prijs | Vaarzeker<\/title>\n<meta name=\"description\" content=\"Botenwacht inschakelen? Vaarzeker biedt abonnementen aan voor pechhulp aan boten, aan de kant en op open water. Dat is uniek in Nederland!\" \/>\n<meta name=\"robots\" content=\"index, follow, max-snippet:-1, max-image-preview:large, max-video-preview:-1\" \/>\n<link rel=\"canonical\" href=\"https:\/\/www.vaarzeker.nl\/de\/bootswache\/\" \/>\n<meta property=\"og:locale\" content=\"de_DE\" \/>\n<meta property=\"og:type\" content=\"article\" \/>\n<meta property=\"og:title\" content=\"Botenwacht: onbezorgd varen voor een vaste prijs | Vaarzeker\" \/>\n<meta property=\"og:description\" content=\"Botenwacht inschakelen? Vaarzeker biedt abonnementen aan voor pechhulp aan boten, aan de kant en op open water. Dat is uniek in Nederland!\" \/>\n<meta property=\"og:url\" content=\"https:\/\/www.vaarzeker.nl\/de\/bootswache\/\" \/>\n<meta property=\"og:site_name\" content=\"Vaarzeker\" \/>\n<meta property=\"article:modified_time\" content=\"2025-09-17T14:56:32+00:00\" \/>\n<meta property=\"og:image\" content=\"https:\/\/www.vaarzeker.nl\/wp-content\/uploads\/2024\/02\/DSC07837-1-scaled-e1708604861816.jpg\" \/>\n\t<meta property=\"og:image:width\" content=\"1706\" \/>\n\t<meta property=\"og:image:height\" content=\"1297\" \/>\n\t<meta property=\"og:image:type\" content=\"image\/jpeg\" \/>\n<meta name=\"twitter:card\" content=\"summary_large_image\" \/>\n<meta name=\"twitter:label1\" content=\"Gesch\u00e4tzte Lesezeit\" \/>\n\t<meta name=\"twitter:data1\" content=\"3\u00a0Minuten\" \/>\n<script type=\"application\/ld+json\" class=\"yoast-schema-graph\">{\"@context\":\"https:\\\/\\\/schema.org\",\"@graph\":[{\"@type\":\"WebPage\",\"@id\":\"https:\\\/\\\/www.vaarzeker.nl\\\/botenwacht\\\/\",\"url\":\"https:\\\/\\\/www.vaarzeker.nl\\\/botenwacht\\\/\",\"name\":\"Botenwacht: onbezorgd varen voor een vaste prijs | Vaarzeker\",\"isPartOf\":{\"@id\":\"https:\\\/\\\/newforum.mod.audio\\\/en\\\/#website\"},\"primaryImageOfPage\":{\"@id\":\"https:\\\/\\\/www.vaarzeker.nl\\\/botenwacht\\\/#primaryimage\"},\"image\":{\"@id\":\"https:\\\/\\\/www.vaarzeker.nl\\\/botenwacht\\\/#primaryimage\"},\"thumbnailUrl\":\"https:\\\/\\\/www.vaarzeker.nl\\\/wp-content\\\/uploads\\\/2024\\\/02\\\/DSC07837-1-scaled-e1708604861816.jpg\",\"datePublished\":\"2022-03-24T13:36:38+00:00\",\"dateModified\":\"2025-09-17T14:56:32+00:00\",\"description\":\"Botenwacht inschakelen? Vaarzeker biedt abonnementen aan voor pechhulp aan boten, aan de kant en op open water. Dat is uniek in Nederland!\",\"breadcrumb\":{\"@id\":\"https:\\\/\\\/www.vaarzeker.nl\\\/botenwacht\\\/#breadcrumb\"},\"inLanguage\":\"de\",\"potentialAction\":[{\"@type\":\"ReadAction\",\"target\":[\"https:\\\/\\\/www.vaarzeker.nl\\\/botenwacht\\\/\"]}]},{\"@type\":\"ImageObject\",\"inLanguage\":\"de\",\"@id\":\"https:\\\/\\\/www.vaarzeker.nl\\\/botenwacht\\\/#primaryimage\",\"url\":\"https:\\\/\\\/www.vaarzeker.nl\\\/wp-content\\\/uploads\\\/2024\\\/02\\\/DSC07837-1-scaled-e1708604861816.jpg\",\"contentUrl\":\"https:\\\/\\\/www.vaarzeker.nl\\\/wp-content\\\/uploads\\\/2024\\\/02\\\/DSC07837-1-scaled-e1708604861816.jpg\",\"width\":1706,\"height\":1297,\"caption\":\"Servicebus met monteur\"},{\"@type\":\"BreadcrumbList\",\"@id\":\"https:\\\/\\\/www.vaarzeker.nl\\\/botenwacht\\\/#breadcrumb\",\"itemListElement\":[{\"@type\":\"ListItem\",\"position\":1,\"name\":\"Home\",\"item\":\"https:\\\/\\\/www.vaarzeker.nl\\\/\"},{\"@type\":\"ListItem\",\"position\":2,\"name\":\"Botenwacht\"}]},{\"@type\":\"WebSite\",\"@id\":\"https:\\\/\\\/newforum.mod.audio\\\/en\\\/#website\",\"url\":\"https:\\\/\\\/newforum.mod.audio\\\/en\\\/\",\"name\":\"Vaarzeker\",\"description\":\"Hulpverlening &amp; pechhulp\",\"publisher\":{\"@id\":\"https:\\\/\\\/newforum.mod.audio\\\/en\\\/#organization\"},\"potentialAction\":[{\"@type\":\"SearchAction\",\"target\":{\"@type\":\"EntryPoint\",\"urlTemplate\":\"https:\\\/\\\/newforum.mod.audio\\\/en\\\/?s={search_term_string}\"},\"query-input\":{\"@type\":\"PropertyValueSpecification\",\"valueRequired\":true,\"valueName\":\"search_term_string\"}}],\"inLanguage\":\"de\"},{\"@type\":\"Organization\",\"@id\":\"https:\\\/\\\/newforum.mod.audio\\\/en\\\/#organization\",\"name\":\"Vaarzeker\",\"url\":\"https:\\\/\\\/newforum.mod.audio\\\/en\\\/\",\"logo\":{\"@type\":\"ImageObject\",\"inLanguage\":\"de\",\"@id\":\"https:\\\/\\\/newforum.mod.audio\\\/en\\\/#\\\/schema\\\/logo\\\/image\\\/\",\"url\":\"https:\\\/\\\/www.vaarzeker.nl\\\/wp-content\\\/uploads\\\/2021\\\/05\\\/vaarzeker_fb.jpg\",\"contentUrl\":\"https:\\\/\\\/www.vaarzeker.nl\\\/wp-content\\\/uploads\\\/2021\\\/05\\\/vaarzeker_fb.jpg\",\"width\":988,\"height\":600,\"caption\":\"Vaarzeker\"},\"image\":{\"@id\":\"https:\\\/\\\/newforum.mod.audio\\\/en\\\/#\\\/schema\\\/logo\\\/image\\\/\"}}]}<\/script>\n<!-- \/ Yoast SEO plugin. -->","yoast_head_json":{"title":"Boatwatch: Unbeschwertes Bootfahren zum Festpreis | Vaarzeker","description":"Bootshilfe in Anspruch nehmen? Vaarzeker bietet Abonnements f\u00fcr Pannenhilfe an Land und auf dem Wasser an. Das ist einzigartig in den Niederlanden!","robots":{"index":"index","follow":"follow","max-snippet":"max-snippet:-1","max-image-preview":"max-image-preview:large","max-video-preview":"max-video-preview:-1"},"canonical":"https:\/\/www.vaarzeker.nl\/de\/bootswache\/","og_locale":"de_DE","og_type":"article","og_title":"Botenwacht: onbezorgd varen voor een vaste prijs | Vaarzeker","og_description":"Botenwacht inschakelen? Vaarzeker biedt abonnementen aan voor pechhulp aan boten, aan de kant en op open water. Dat is uniek in Nederland!","og_url":"https:\/\/www.vaarzeker.nl\/de\/bootswache\/","og_site_name":"Vaarzeker","article_modified_time":"2025-09-17T14:56:32+00:00","og_image":[{"width":1706,"height":1297,"url":"https:\/\/www.vaarzeker.nl\/wp-content\/uploads\/2024\/02\/DSC07837-1-scaled-e1708604861816.jpg","type":"image\/jpeg"}],"twitter_card":"summary_large_image","twitter_misc":{"Gesch\u00e4tzte Lesezeit":"3\u00a0Minuten"},"schema":{"@context":"https:\/\/schema.org","@graph":[{"@type":"WebPage","@id":"https:\/\/www.vaarzeker.nl\/botenwacht\/","url":"https:\/\/www.vaarzeker.nl\/botenwacht\/","name":"Boatwatch: Unbeschwertes Bootfahren zum Festpreis | Vaarzeker","isPartOf":{"@id":"https:\/\/newforum.mod.audio\/en\/#website"},"primaryImageOfPage":{"@id":"https:\/\/www.vaarzeker.nl\/botenwacht\/#primaryimage"},"image":{"@id":"https:\/\/www.vaarzeker.nl\/botenwacht\/#primaryimage"},"thumbnailUrl":"https:\/\/www.vaarzeker.nl\/wp-content\/uploads\/2024\/02\/DSC07837-1-scaled-e1708604861816.jpg","datePublished":"2022-03-24T13:36:38+00:00","dateModified":"2025-09-17T14:56:32+00:00","description":"Bootshilfe in Anspruch nehmen? Vaarzeker bietet Abonnements f\u00fcr Pannenhilfe an Land und auf dem Wasser an. Das ist einzigartig in den Niederlanden!","breadcrumb":{"@id":"https:\/\/www.vaarzeker.nl\/botenwacht\/#breadcrumb"},"inLanguage":"de","potentialAction":[{"@type":"ReadAction","target":["https:\/\/www.vaarzeker.nl\/botenwacht\/"]}]},{"@type":"ImageObject","inLanguage":"de","@id":"https:\/\/www.vaarzeker.nl\/botenwacht\/#primaryimage","url":"https:\/\/www.vaarzeker.nl\/wp-content\/uploads\/2024\/02\/DSC07837-1-scaled-e1708604861816.jpg","contentUrl":"https:\/\/www.vaarzeker.nl\/wp-content\/uploads\/2024\/02\/DSC07837-1-scaled-e1708604861816.jpg","width":1706,"height":1297,"caption":"Servicebus met monteur"},{"@type":"BreadcrumbList","@id":"https:\/\/www.vaarzeker.nl\/botenwacht\/#breadcrumb","itemListElement":[{"@type":"ListItem","position":1,"name":"Home","item":"https:\/\/www.vaarzeker.nl\/"},{"@type":"ListItem","position":2,"name":"Botenwacht"}]},{"@type":"WebSite","@id":"https:\/\/newforum.mod.audio\/en\/#website","url":"https:\/\/newforum.mod.audio\/en\/","name":"Sicher zu segeln","description":"Hilfeleistung und Pannenhilfe","publisher":{"@id":"https:\/\/newforum.mod.audio\/en\/#organization"},"potentialAction":[{"@type":"SearchAction","target":{"@type":"EntryPoint","urlTemplate":"https:\/\/newforum.mod.audio\/en\/?s={search_term_string}"},"query-input":{"@type":"PropertyValueSpecification","valueRequired":true,"valueName":"search_term_string"}}],"inLanguage":"de"},{"@type":"Organization","@id":"https:\/\/newforum.mod.audio\/en\/#organization","name":"Sicher zu segeln","url":"https:\/\/newforum.mod.audio\/en\/","logo":{"@type":"ImageObject","inLanguage":"de","@id":"https:\/\/newforum.mod.audio\/en\/#\/schema\/logo\/image\/","url":"https:\/\/www.vaarzeker.nl\/wp-content\/uploads\/2021\/05\/vaarzeker_fb.jpg","contentUrl":"https:\/\/www.vaarzeker.nl\/wp-content\/uploads\/2021\/05\/vaarzeker_fb.jpg","width":988,"height":600,"caption":"Vaarzeker"},"image":{"@id":"https:\/\/newforum.mod.audio\/en\/#\/schema\/logo\/image\/"}}]}},"_links":{"self":[{"href":"https:\/\/www.vaarzeker.nl\/de\/wp-json\/wp\/v2\/pages\/1007","targetHints":{"allow":["GET"]}}],"collection":[{"href":"https:\/\/www.vaarzeker.nl\/de\/wp-json\/wp\/v2\/pages"}],"about":[{"href":"https:\/\/www.vaarzeker.nl\/de\/wp-json\/wp\/v2\/types\/page"}],"author":[{"embeddable":true,"href":"https:\/\/www.vaarzeker.nl\/de\/wp-json\/wp\/v2\/users\/7"}],"replies":[{"embeddable":true,"href":"https:\/\/www.vaarzeker.nl\/de\/wp-json\/wp\/v2\/comments?post=1007"}],"version-history":[{"count":11,"href":"https:\/\/www.vaarzeker.nl\/de\/wp-json\/wp\/v2\/pages\/1007\/revisions"}],"predecessor-version":[{"id":7619,"href":"https:\/\/www.vaarzeker.nl\/de\/wp-json\/wp\/v2\/pages\/1007\/revisions\/7619"}],"wp:featuredmedia":[{"embeddable":true,"href":"https:\/\/www.vaarzeker.nl\/de\/wp-json\/wp\/v2\/media\/4107"}],"wp:attachment":[{"href":"https:\/\/www.vaarzeker.nl\/de\/wp-json\/wp\/v2\/media?parent=1007"}],"curies":[{"name":"wp","href":"https:\/\/api.w.org\/{rel}","templated":true}]}}